{"id":1837,"date":"2020-04-28T05:35:16","date_gmt":"2020-04-28T05:35:16","guid":{"rendered":"https:\/\/seafishingslovenia.com\/?page_id=1837"},"modified":"2020-05-01T11:29:26","modified_gmt":"2020-05-01T11:29:26","slug":"veliki-krulec-ali-kokot","status":"publish","type":"page","link":"https:\/\/en.seafishingslovenia.com\/sl\/vrste-rib\/veliki-krulec-ali-kokot\/","title":{"rendered":"Veliki Krulec ali kokot"},"content":{"rendered":"<p>[vc_row full_width=&#8221;stretch_row&#8221; css=&#8221;.vc_custom_1588332567550{padding-top: 3.5em !important;padding-bottom: 7.5em !important;background-image: url(https:\/\/seafishingslovenia.com\/wp-content\/uploads\/2020\/01\/bg_contacts.jpg?id=1412) !important;background-position: center !important;background-repeat: no-repeat !important;background-size: cover !important;}&#8221;][vc_column][vc_column_text]<\/p>\n<h1 style=\"text-align: center;\">VELIKI KRULEC ALI KOKOT<\/h1>\n<p>[\/vc_column_text][\/vc_column][\/vc_row][vc_row][vc_column][vc_column_text]Opis ribe:\u00a0Morski krulec, morski petelin, lastovka, lucerna, kokot je samo nekaj izmed imen, ki jih zasledimo med ribi\u010di za poimenovanje te ribe. Kajti v mediteranu obstaja veliko vrst, v na\u0161em morju sem zasledil dve.<br \/>\nVse pa imajo skupne zna\u010dilnosti rde\u010do barvo, trdo splo\u0161\u010deno ko\u0161\u010deno glavo in ravno spodnjo \u010deljust. Prve prsne plavuti imajo preoblikovane v hodilke s katerimi se premikajo po dnu. Najo\u010ditnej\u0161e pa so velike svetlo modre prsne plavuti, ki segajo \u010dez \u00be telesa ribe. Povpre\u010dna velikost ujetih kokotov v Tr\u017ea\u0161kem zalivu je med 200g in 500g niso pa redki ulovi rib okoli 1kg.[\/vc_column_text][\/vc_column][\/vc_row][vc_row][vc_column width=&#8221;1\/3&#8243;][vc_single_image image=&#8221;1703&#8243; img_size=&#8221;427X320&#8243; style=&#8221;vc_box_shadow_3d&#8221;][\/vc_column][vc_column width=&#8221;1\/3&#8243;][vc_single_image image=&#8221;1694&#8243; img_size=&#8221;large&#8221; style=&#8221;vc_box_shadow_3d&#8221;][\/vc_column][vc_column width=&#8221;1\/3&#8243;][vc_single_image image=&#8221;1693&#8243; img_size=&#8221;427X320&#8243; style=&#8221;vc_box_shadow_3d&#8221;][\/vc_column][\/vc_row][vc_row][vc_column][vc_column_text]<b>Obna\u0161anje kokota:<\/b>\u00a0Kokoti so pridnene ribe, velikokrat se gibajo v paru in preplavajo velike razdalje. Prehranjujejo se z raznimi raki in manj\u0161imi ribami.<\/p>\n<p><b>Sezona lova:<\/b>\u00a0Lahko jih ujamemo vse dni v letu, vendar pa so pogostej\u0161i ulovi v jesenskih mesecih.<\/p>\n<p><b>Kako jih lovimo:<\/b>\u00a0Lovimo jih iz zasidranega ali nezasidranega \u010dolna na dno. Priporo\u010dljiva je uporaba tr\u0161ih palic z mehkim vrhom (<i>bollentino<\/i>), kot uspe\u0161ne so se izkazale tudi palice za vija\u010denje.<\/p>\n<p><b>Trnki:<\/b>\u00a0Najbolje je uporabiti trnke z dolgim vratom (<i>abardeen<\/i>), tak trnek la\u017eje dose\u017eemo v velikih kokotovih ustih.<\/p>\n<p><b>Vaba:\u00a0<\/b>Najbolj uspe\u0161na vaba za ribolov kokotov se je izkazala \u017eiva \u0161krdobula (solinski rak) ali kos sardele z dodatkom traka kalamara (lignja). Niso pa redki primeri, ko nam med ribolovom lignjev in sip na umetno ribico (pu\u0161\u010do, egi) zagrabi kokot. Zato so se kot uspe\u0161ne vabe izkazale tudi umetne vabe kot so manj\u0161i silikoni (<i>drop shot\u00a0<\/i>sistem) kabura in sabiki.[\/vc_column_text][\/vc_column][\/vc_row][vc_row][vc_column width=&#8221;1\/3&#8243;][vc_single_image image=&#8221;1702&#8243; img_size=&#8221;large&#8221; style=&#8221;vc_box_shadow_3d&#8221;][\/vc_column][vc_column width=&#8221;1\/3&#8243;][vc_single_image image=&#8221;1697&#8243; img_size=&#8221;large&#8221; style=&#8221;vc_box_shadow_3d&#8221;][\/vc_column][vc_column width=&#8221;1\/3&#8243;][vc_single_image image=&#8221;1692&#8243; img_size=&#8221;large&#8221; style=&#8221;vc_box_shadow_3d&#8221;][\/vc_column][\/vc_row][vc_row][vc_column][vc_column_text]<\/p>\n<h3><b>Kokot na le\u0161o:<\/b><\/h3>\n<p>\u2013 Potrebujemo: ju\u0161no zelenjavo (korenje, \u010debula, zelena, peter\u0161ilj, por\u2026), sol, zeli\u0161\u010dno maslo.<\/p>\n<p>Sve\u017eega kokota je najbolje pripraviti na le\u0161o. Ribo o\u010distimo v slani vodi (ali morju). Na \u0161tedilniku v peka\u010du ali \u0161ir\u0161i posodi v plitki vodi pokuhamo ju\u0161no zelenjavo. Ko zelenjava spusti sokove v vodo vanjo polo\u017eimo kokota in pokrijemo, ogenj nastavimo tako, da po\u010dasi brbota. \u010cas kuhanja je odvisen od velikosti ribe, \u00bd kg kokot se bo kuhal pribli\u017eno 20 min. Ko kokota postre\u017eemo, damo na vrh kocko zeli\u0161\u010dnega masla. Pa dober tek.[\/vc_column_text][\/vc_column][\/vc_row][vc_row][vc_column][vc_single_image image=&#8221;1707&#8243; img_size=&#8221;large&#8221; style=&#8221;vc_box_shadow_3d&#8221;][\/vc_column][\/vc_row]<\/p>\n","protected":false},"excerpt":{"rendered":"<p>[vc_row full_width=&#8221;stretch_row&#8221; css=&#8221;.vc_custom_1588332567550{padding-top: 3.5em !important;padding-bottom: 7.5em !important;background-image: url(https:\/\/seafishingslovenia.com\/wp-content\/uploads\/2020\/01\/bg_contacts.jpg?id=1412) !important;background-position: center !important;background-repeat: no-repeat !important;background-size: cover !important;}&#8221;][vc_column][vc_column_text] VELIKI KRULEC ALI KOKOT [\/vc_column_text][\/vc_column][\/vc_row][vc_row][vc_column][vc_column_text]Opis ribe:\u00a0Morski krulec, morski petelin, lastovka, lucerna, kokot je samo nekaj izmed imen, ki jih zasledimo med ribi\u010di za poimenovanje te ribe. Kajti v mediteranu obstaja veliko vrst, v na\u0161em morju sem zasledil dve. Vse pa imajo skupne zna\u010dilnosti rde\u010do barvo,&hellip;<\/p>\n","protected":false},"author":1,"featured_media":0,"parent":1501,"menu_order":0,"comment_status":"closed","ping_status":"closed","template":"","meta":[],"yoast_head":"<!-- This site is optimized with the Yoast SEO plugin v17.1 - https:\/\/yoast.com\/wordpress\/plugins\/seo\/ -->\n<title>Veliki Krulec ali kokot - Vodeni ribolov v slovenskem morju<\/title>\n<meta name=\"robots\" content=\"index, follow, max-snippet:-1, max-image-preview:large, max-video-preview:-1\" \/>\n<link rel=\"canonical\" href=\"https:\/\/en.seafishingslovenia.com\/sl\/vrste-rib\/veliki-krulec-ali-kokot\/\" \/>\n<meta property=\"og:locale\" content=\"sl_SI\" \/>\n<meta property=\"og:type\" content=\"article\" \/>\n<meta property=\"og:title\" content=\"Veliki Krulec ali kokot - Vodeni ribolov v slovenskem morju\" \/>\n<meta property=\"og:description\" content=\"[vc_row full_width=&#8221;stretch_row&#8221; css=&#8221;.vc_custom_1588332567550{padding-top: 3.5em !important;padding-bottom: 7.5em !important;background-image: url(https:\/\/seafishingslovenia.com\/wp-content\/uploads\/2020\/01\/bg_contacts.jpg?id=1412) !important;background-position: center !important;background-repeat: no-repeat !important;background-size: cover !important;}&#8221;][vc_column][vc_column_text] VELIKI KRULEC ALI KOKOT [\/vc_column_text][\/vc_column][\/vc_row][vc_row][vc_column][vc_column_text]Opis ribe:\u00a0Morski krulec, morski petelin, lastovka, lucerna, kokot je samo nekaj izmed imen, ki jih zasledimo med ribi\u010di za poimenovanje te ribe. Kajti v mediteranu obstaja veliko vrst, v na\u0161em morju sem zasledil dve. Vse pa imajo skupne zna\u010dilnosti rde\u010do barvo,&hellip;\" \/>\n<meta property=\"og:url\" content=\"https:\/\/en.seafishingslovenia.com\/sl\/vrste-rib\/veliki-krulec-ali-kokot\/\" \/>\n<meta property=\"og:site_name\" content=\"Vodeni ribolov v slovenskem morju\" \/>\n<meta property=\"article:publisher\" content=\"https:\/\/www.facebook.com\/seafishingslovenia\/\" \/>\n<meta property=\"article:modified_time\" content=\"2020-05-01T11:29:26+00:00\" \/>\n<meta name=\"twitter:card\" content=\"summary_large_image\" \/>\n<meta name=\"twitter:label1\" content=\"Est. reading time\" \/>\n\t<meta name=\"twitter:data1\" content=\"3 minute\" \/>\n<script type=\"application\/ld+json\" class=\"yoast-schema-graph\">{\"@context\":\"https:\/\/schema.org\",\"@graph\":[{\"@type\":\"Organization\",\"@id\":\"https:\/\/en.seafishingslovenia.com\/#organization\",\"name\":\"Ribolov v slovenskem morju\",\"url\":\"https:\/\/en.seafishingslovenia.com\/\",\"sameAs\":[\"https:\/\/www.facebook.com\/seafishingslovenia\/\",\"https:\/\/www.instagram.com\/seafishingslovenia\/\",\"https:\/\/www.youtube.com\/channel\/UCX9hrnSWUMivTMsSQa_gQPw\/videos\"],\"logo\":{\"@type\":\"ImageObject\",\"@id\":\"https:\/\/en.seafishingslovenia.com\/#logo\",\"inLanguage\":\"sl-SI\",\"url\":\"http:\/\/en.seafishingslovenia.com\/wp-content\/uploads\/2020\/01\/2-layers.png\",\"contentUrl\":\"http:\/\/en.seafishingslovenia.com\/wp-content\/uploads\/2020\/01\/2-layers.png\",\"width\":91,\"height\":44,\"caption\":\"Ribolov v slovenskem morju\"},\"image\":{\"@id\":\"https:\/\/en.seafishingslovenia.com\/#logo\"}},{\"@type\":\"WebSite\",\"@id\":\"https:\/\/en.seafishingslovenia.com\/#website\",\"url\":\"https:\/\/en.seafishingslovenia.com\/\",\"name\":\"Ribolov v slovenskem morju vodeni morski ribolov\",\"description\":\"\",\"publisher\":{\"@id\":\"https:\/\/en.seafishingslovenia.com\/#organization\"},\"potentialAction\":[{\"@type\":\"SearchAction\",\"target\":{\"@type\":\"EntryPoint\",\"urlTemplate\":\"https:\/\/en.seafishingslovenia.com\/?s={search_term_string}\"},\"query-input\":\"required name=search_term_string\"}],\"inLanguage\":\"sl-SI\"},{\"@type\":\"WebPage\",\"@id\":\"https:\/\/en.seafishingslovenia.com\/sl\/vrste-rib\/veliki-krulec-ali-kokot\/#webpage\",\"url\":\"https:\/\/en.seafishingslovenia.com\/sl\/vrste-rib\/veliki-krulec-ali-kokot\/\",\"name\":\"Veliki Krulec ali kokot - Vodeni ribolov v slovenskem morju\",\"isPartOf\":{\"@id\":\"https:\/\/en.seafishingslovenia.com\/#website\"},\"datePublished\":\"2020-04-28T05:35:16+00:00\",\"dateModified\":\"2020-05-01T11:29:26+00:00\",\"breadcrumb\":{\"@id\":\"https:\/\/en.seafishingslovenia.com\/sl\/vrste-rib\/veliki-krulec-ali-kokot\/#breadcrumb\"},\"inLanguage\":\"sl-SI\",\"potentialAction\":[{\"@type\":\"ReadAction\",\"target\":[\"https:\/\/en.seafishingslovenia.com\/sl\/vrste-rib\/veliki-krulec-ali-kokot\/\"]}]},{\"@type\":\"BreadcrumbList\",\"@id\":\"https:\/\/en.seafishingslovenia.com\/sl\/vrste-rib\/veliki-krulec-ali-kokot\/#breadcrumb\",\"itemListElement\":[{\"@type\":\"ListItem\",\"position\":1,\"name\":\"Home\",\"item\":\"https:\/\/en.seafishingslovenia.com\/sl\/\"},{\"@type\":\"ListItem\",\"position\":2,\"name\":\"Vrste rib\",\"item\":\"https:\/\/en.seafishingslovenia.com\/sl\/vrste-rib\/\"},{\"@type\":\"ListItem\",\"position\":3,\"name\":\"Veliki Krulec ali kokot\"}]}]}<\/script>\n<!-- \/ Yoast SEO plugin. -->","yoast_head_json":{"title":"Veliki Krulec ali kokot - Vodeni ribolov v slovenskem morju","robots":{"index":"index","follow":"follow","max-snippet":"max-snippet:-1","max-image-preview":"max-image-preview:large","max-video-preview":"max-video-preview:-1"},"canonical":"https:\/\/en.seafishingslovenia.com\/sl\/vrste-rib\/veliki-krulec-ali-kokot\/","og_locale":"sl_SI","og_type":"article","og_title":"Veliki Krulec ali kokot - Vodeni ribolov v slovenskem morju","og_description":"[vc_row full_width=&#8221;stretch_row&#8221; css=&#8221;.vc_custom_1588332567550{padding-top: 3.5em !important;padding-bottom: 7.5em !important;background-image: url(https:\/\/seafishingslovenia.com\/wp-content\/uploads\/2020\/01\/bg_contacts.jpg?id=1412) !important;background-position: center !important;background-repeat: no-repeat !important;background-size: cover !important;}&#8221;][vc_column][vc_column_text] VELIKI KRULEC ALI KOKOT [\/vc_column_text][\/vc_column][\/vc_row][vc_row][vc_column][vc_column_text]Opis ribe:\u00a0Morski krulec, morski petelin, lastovka, lucerna, kokot je samo nekaj izmed imen, ki jih zasledimo med ribi\u010di za poimenovanje te ribe. Kajti v mediteranu obstaja veliko vrst, v na\u0161em morju sem zasledil dve. Vse pa imajo skupne zna\u010dilnosti rde\u010do barvo,&hellip;","og_url":"https:\/\/en.seafishingslovenia.com\/sl\/vrste-rib\/veliki-krulec-ali-kokot\/","og_site_name":"Vodeni ribolov v slovenskem morju","article_publisher":"https:\/\/www.facebook.com\/seafishingslovenia\/","article_modified_time":"2020-05-01T11:29:26+00:00","twitter_card":"summary_large_image","twitter_misc":{"Est. reading time":"3 minute"},"schema":{"@context":"https:\/\/schema.org","@graph":[{"@type":"Organization","@id":"https:\/\/en.seafishingslovenia.com\/#organization","name":"Ribolov v slovenskem morju","url":"https:\/\/en.seafishingslovenia.com\/","sameAs":["https:\/\/www.facebook.com\/seafishingslovenia\/","https:\/\/www.instagram.com\/seafishingslovenia\/","https:\/\/www.youtube.com\/channel\/UCX9hrnSWUMivTMsSQa_gQPw\/videos"],"logo":{"@type":"ImageObject","@id":"https:\/\/en.seafishingslovenia.com\/#logo","inLanguage":"sl-SI","url":"http:\/\/en.seafishingslovenia.com\/wp-content\/uploads\/2020\/01\/2-layers.png","contentUrl":"http:\/\/en.seafishingslovenia.com\/wp-content\/uploads\/2020\/01\/2-layers.png","width":91,"height":44,"caption":"Ribolov v slovenskem morju"},"image":{"@id":"https:\/\/en.seafishingslovenia.com\/#logo"}},{"@type":"WebSite","@id":"https:\/\/en.seafishingslovenia.com\/#website","url":"https:\/\/en.seafishingslovenia.com\/","name":"Ribolov v slovenskem morju vodeni morski ribolov","description":"","publisher":{"@id":"https:\/\/en.seafishingslovenia.com\/#organization"},"potentialAction":[{"@type":"SearchAction","target":{"@type":"EntryPoint","urlTemplate":"https:\/\/en.seafishingslovenia.com\/?s={search_term_string}"},"query-input":"required name=search_term_string"}],"inLanguage":"sl-SI"},{"@type":"WebPage","@id":"https:\/\/en.seafishingslovenia.com\/sl\/vrste-rib\/veliki-krulec-ali-kokot\/#webpage","url":"https:\/\/en.seafishingslovenia.com\/sl\/vrste-rib\/veliki-krulec-ali-kokot\/","name":"Veliki Krulec ali kokot - Vodeni ribolov v slovenskem morju","isPartOf":{"@id":"https:\/\/en.seafishingslovenia.com\/#website"},"datePublished":"2020-04-28T05:35:16+00:00","dateModified":"2020-05-01T11:29:26+00:00","breadcrumb":{"@id":"https:\/\/en.seafishingslovenia.com\/sl\/vrste-rib\/veliki-krulec-ali-kokot\/#breadcrumb"},"inLanguage":"sl-SI","potentialAction":[{"@type":"ReadAction","target":["https:\/\/en.seafishingslovenia.com\/sl\/vrste-rib\/veliki-krulec-ali-kokot\/"]}]},{"@type":"BreadcrumbList","@id":"https:\/\/en.seafishingslovenia.com\/sl\/vrste-rib\/veliki-krulec-ali-kokot\/#breadcrumb","itemListElement":[{"@type":"ListItem","position":1,"name":"Home","item":"https:\/\/en.seafishingslovenia.com\/sl\/"},{"@type":"ListItem","position":2,"name":"Vrste rib","item":"https:\/\/en.seafishingslovenia.com\/sl\/vrste-rib\/"},{"@type":"ListItem","position":3,"name":"Veliki Krulec ali kokot"}]}]}},"_links":{"self":[{"href":"https:\/\/en.seafishingslovenia.com\/sl\/wp-json\/wp\/v2\/pages\/1837"}],"collection":[{"href":"https:\/\/en.seafishingslovenia.com\/sl\/wp-json\/wp\/v2\/pages"}],"about":[{"href":"https:\/\/en.seafishingslovenia.com\/sl\/wp-json\/wp\/v2\/types\/page"}],"author":[{"embeddable":true,"href":"https:\/\/en.seafishingslovenia.com\/sl\/wp-json\/wp\/v2\/users\/1"}],"replies":[{"embeddable":true,"href":"https:\/\/en.seafishingslovenia.com\/sl\/wp-json\/wp\/v2\/comments?post=1837"}],"version-history":[{"count":9,"href":"https:\/\/en.seafishingslovenia.com\/sl\/wp-json\/wp\/v2\/pages\/1837\/revisions"}],"predecessor-version":[{"id":1983,"href":"https:\/\/en.seafishingslovenia.com\/sl\/wp-json\/wp\/v2\/pages\/1837\/revisions\/1983"}],"up":[{"embeddable":true,"href":"https:\/\/en.seafishingslovenia.com\/sl\/wp-json\/wp\/v2\/pages\/1501"}],"wp:attachment":[{"href":"https:\/\/en.seafishingslovenia.com\/sl\/wp-json\/wp\/v2\/media?parent=1837"}],"curies":[{"name":"wp","href":"https:\/\/api.w.org\/{rel}","templated":true}]}}