{"id":1772,"date":"2020-03-02T14:33:29","date_gmt":"2020-03-02T14:33:29","guid":{"rendered":"https:\/\/seafishingslovenia.com\/?page_id=1772"},"modified":"2021-02-12T10:30:35","modified_gmt":"2021-02-12T10:30:35","slug":"sladkovodni-ribolov","status":"publish","type":"page","link":"https:\/\/en.seafishingslovenia.com\/sl\/sladkovodni-ribolov\/","title":{"rendered":"Sladkovodni ribolov"},"content":{"rendered":"<p>[vc_row full_width=&#8221;stretch_row&#8221; css=&#8221;.vc_custom_1588332413673{padding-top: 3.5em !important;padding-bottom: 7.5em !important;background-image: url(https:\/\/seafishingslovenia.com\/wp-content\/uploads\/2020\/01\/bg_contacts.jpg?id=1412) !important;background-position: 0 0 !important;background-repeat: no-repeat !important;}&#8221;][vc_column][vc_column_text]<\/p>\n<h1 style=\"text-align: center;\">SLADKOVODNI RIBOLOV<\/h1>\n<p>[\/vc_column_text][\/vc_column][\/vc_row][vc_row][vc_column][vc_empty_space hide_on_mobile=&#8221;&#8221;][\/vc_column][\/vc_row][vc_row][vc_column width=&#8221;1\/3&#8243;][vc_hoverbox image=&#8221;1898&#8243; primary_title=&#8221;FLY FISHING GODEC&#8221; hover_title=&#8221;&#8221; hover_btn_title=&#8221;Pojdi na njihovo spletno stran&#8221; hover_btn_color=&#8221;info&#8221; hover_add_button=&#8221;true&#8221; hover_btn_link=&#8221;url:https%3A%2F%2Fwww.flyfishingodec.com%2F|title:Fly%20fishing%20Godec|target:%20_blank|&#8221; el_class=&#8221;sladkovodniribolov&#8221;]<a href=\"https:\/\/www.flyfishingodec.com\/en\/\"><img loading=\"lazy\" class=\"size-medium wp-image-1917 aligncenter\" src=\"https:\/\/seafishingslovenia.com\/wp-content\/uploads\/2020\/04\/FFG_image_logotype_horizont_colour-300x154.png\" alt=\"godec\" width=\"300\" height=\"154\" srcset=\"https:\/\/en.seafishingslovenia.com\/wp-content\/uploads\/2020\/04\/FFG_image_logotype_horizont_colour-300x154.png 300w, https:\/\/en.seafishingslovenia.com\/wp-content\/uploads\/2020\/04\/FFG_image_logotype_horizont_colour.png 350w\" sizes=\"(max-width: 300px) 100vw, 300px\" \/><\/a><\/p>\n<p style=\"text-align: center;\">Fly fishing godec, ustanovitelj Matej Godec, \u017ee leta izvaja te\u010daje na, vedno bolj popularno\u00a0 ribolovno tehniko \u2013 muharjenje. S svojim navdihujo\u010dim pristopom in znanjem vam z veseljem razka\u017ee skrivnosti te tehnike in skrite koti\u010dke najlep\u0161ih slovenskih rek.<\/p>\n<p>[\/vc_hoverbox][\/vc_column][vc_column width=&#8221;1\/3&#8243;][vc_hoverbox image=&#8221;1898&#8243; primary_title=&#8221;LUSTRIK FLY FISHING&#8221; hover_title=&#8221;&#8221; hover_btn_title=&#8221;Pojdi na njihovo spletno stran&#8221; hover_btn_color=&#8221;info&#8221; hover_add_button=&#8221;true&#8221; hover_btn_link=&#8221;url:https%3A%2F%2Fwww.lustrik.com%2Fen|title:Lustrik%20Fly%20fishing|target:%20_blank|&#8221; el_class=&#8221;sladkovodniribolov&#8221; css=&#8221;.vc_custom_1590997507153{margin-bottom: 10em !important;}&#8221;]<\/p>\n<p style=\"text-align: center;\"><a href=\"https:\/\/www.lustrik.com\/en\/\"><img loading=\"lazy\" class=\"alignnone size-medium wp-image-1918\" src=\"https:\/\/seafishingslovenia.com\/wp-content\/uploads\/2020\/04\/logo-1-300x150.png\" alt=\"Lustik\" width=\"300\" height=\"150\" srcset=\"https:\/\/en.seafishingslovenia.com\/wp-content\/uploads\/2020\/04\/logo-1-300x150.png 300w, https:\/\/en.seafishingslovenia.com\/wp-content\/uploads\/2020\/04\/logo-1.png 361w\" sizes=\"(max-width: 300px) 100vw, 300px\" \/><\/a><\/p>\n<p style=\"text-align: center;\">Rok Lu\u0161trik, eden prvih profesionalnih vodnikov po ribolovnih biserih v Sloveniji. Izjemen poznavalec rek ter obna\u0161anja najbolj ribolovno zanimivih rib kot so sulec, so\u0161ka postrv in lipan. Specializiran za muharske izlete na bolj znane in manj znane Slovenske reke in drugod po Evropi.<\/p>\n<p>[\/vc_hoverbox][\/vc_column][vc_column width=&#8221;1\/3&#8243;][vc_hoverbox image=&#8221;1898&#8243; primary_title=&#8221;URKO FISHING ADVENTURES&#8221; hover_title=&#8221;&#8221; hover_btn_title=&#8221;Pojdi na njihovo spletno stran&#8221; hover_btn_color=&#8221;info&#8221; hover_add_button=&#8221;true&#8221; hover_btn_link=&#8221;url:http%3A%2F%2Fwww.urkofishingadventures.com%2F|title:Urko%20Fly%20fishing|target:%20_blank|&#8221; el_class=&#8221;sladkovodniribolov&#8221;]<\/p>\n<p style=\"text-align: center;\"><a href=\"http:\/\/www.urkofishingadventures.com\"><img loading=\"lazy\" class=\"alignnone size-full wp-image-1907\" src=\"https:\/\/seafishingslovenia.com\/wp-content\/uploads\/2020\/04\/urkotransparent.png\" alt=\"Urko fly adventures\" width=\"300\" height=\"180\" \/><\/a><\/p>\n<p style=\"text-align: center;\">URKO Fishing Adventures, gre za skupino navdu\u0161encev in poznavalcev salmonidnih rek in ribolova na \u0161\u010duke, poto\u010dne postrvi, so\u0161ke postrvi, sulce ter lipane. Ustanovitelj Uro\u0161 Kristan je eden redkih profesionalnih ribi\u0161kih vodnikov v Sloveniji.<\/p>\n<p>[\/vc_hoverbox][\/vc_column][\/vc_row][vc_row][vc_column width=&#8221;1\/3&#8243;][\/vc_column][vc_column width=&#8221;1\/3&#8243;][vc_hoverbox image=&#8221;1898&#8243; primary_title=&#8221;GoFlyfishing&#8221; hover_title=&#8221;&#8221; hover_btn_title=&#8221;Obi\u0161\u010di njihovo spletno stran&#8221; hover_btn_color=&#8221;info&#8221; hover_add_button=&#8221;true&#8221; hover_btn_link=&#8221;url:https%3A%2F%2Fwww.goflyfishing.si%2F|title:GoFlyfishing|target:%20_blank|&#8221; el_class=&#8221;sladkovodniribolov&#8221; css=&#8221;.vc_custom_1613125848002{margin-bottom: 10em !important;}&#8221;]<\/p>\n<p style=\"text-align: center;\"><img loading=\"lazy\" class=\"alignnone wp-image-2824 size-medium\" src=\"https:\/\/seafishingslovenia.com\/wp-content\/uploads\/2021\/02\/Go-Fly-fishing-Slovenia_logo-2-296x300.jpg\" alt=\"\" width=\"296\" height=\"300\" srcset=\"https:\/\/en.seafishingslovenia.com\/wp-content\/uploads\/2021\/02\/Go-Fly-fishing-Slovenia_logo-2-296x300.jpg 296w, https:\/\/en.seafishingslovenia.com\/wp-content\/uploads\/2021\/02\/Go-Fly-fishing-Slovenia_logo-2-90x90.jpg 90w, https:\/\/en.seafishingslovenia.com\/wp-content\/uploads\/2021\/02\/Go-Fly-fishing-Slovenia_logo-2.jpg 338w\" sizes=\"(max-width: 296px) 100vw, 296px\" \/><\/p>\n<p style=\"text-align: center;\">GO FLY FISHING Slovenija vam ponuja muharske izlete\u00a0s profesionalnim\u00a0vodenjem na vseh zanimivej\u0161ih slovenskih rekah. Ekipa izku\u0161enih ribi\u0161kih vodi\u010dev vas\u00a0popelje v muharski svet, kjer vas pri\u010dakujejo so\u0161ka\u00a0ali poto\u010dna\u00a0postrv, lipan in sulec.<\/p>\n<p>[\/vc_hoverbox][\/vc_column][vc_column width=&#8221;1\/3&#8243;][\/vc_column][\/vc_row]<\/p>\n","protected":false},"excerpt":{"rendered":"<p>[vc_row full_width=&#8221;stretch_row&#8221; css=&#8221;.vc_custom_1588332413673{padding-top: 3.5em !important;padding-bottom: 7.5em !important;background-image: url(https:\/\/seafishingslovenia.com\/wp-content\/uploads\/2020\/01\/bg_contacts.jpg?id=1412) !important;background-position: 0 0 !important;background-repeat: no-repeat !important;}&#8221;][vc_column][vc_column_text] SLADKOVODNI RIBOLOV [\/vc_column_text][\/vc_column][\/vc_row][vc_row][vc_column][vc_empty_space hide_on_mobile=&#8221;&#8221;][\/vc_column][\/vc_row][vc_row][vc_column width=&#8221;1\/3&#8243;][vc_hoverbox image=&#8221;1898&#8243; primary_title=&#8221;FLY FISHING GODEC&#8221; hover_title=&#8221;&#8221; hover_btn_title=&#8221;Pojdi na njihovo spletno stran&#8221; hover_btn_color=&#8221;info&#8221; hover_add_button=&#8221;true&#8221; hover_btn_link=&#8221;url:https%3A%2F%2Fwww.flyfishingodec.com%2F|title:Fly%20fishing%20Godec|target:%20_blank|&#8221; el_class=&#8221;sladkovodniribolov&#8221;] Fly fishing godec, ustanovitelj Matej Godec, \u017ee leta izvaja te\u010daje na, vedno bolj popularno\u00a0 ribolovno tehniko \u2013 muharjenje. S svojim navdihujo\u010dim pristopom in znanjem vam z veseljem&hellip;<\/p>\n","protected":false},"author":990004,"featured_media":0,"parent":0,"menu_order":0,"comment_status":"closed","ping_status":"closed","template":"","meta":[],"yoast_head":"<!-- This site is optimized with the Yoast SEO plugin v17.1 - https:\/\/yoast.com\/wordpress\/plugins\/seo\/ -->\n<title>Sladkovodni ribolov - Vodeni ribolov v slovenskem morju<\/title>\n<meta name=\"robots\" content=\"index, follow, max-snippet:-1, max-image-preview:large, max-video-preview:-1\" \/>\n<link rel=\"canonical\" href=\"https:\/\/en.seafishingslovenia.com\/sl\/sladkovodni-ribolov\/\" \/>\n<meta property=\"og:locale\" content=\"sl_SI\" \/>\n<meta property=\"og:type\" content=\"article\" \/>\n<meta property=\"og:title\" content=\"Sladkovodni ribolov - Vodeni ribolov v slovenskem morju\" \/>\n<meta property=\"og:description\" content=\"[vc_row full_width=&#8221;stretch_row&#8221; css=&#8221;.vc_custom_1588332413673{padding-top: 3.5em !important;padding-bottom: 7.5em !important;background-image: url(https:\/\/seafishingslovenia.com\/wp-content\/uploads\/2020\/01\/bg_contacts.jpg?id=1412) !important;background-position: 0 0 !important;background-repeat: no-repeat !important;}&#8221;][vc_column][vc_column_text] SLADKOVODNI RIBOLOV [\/vc_column_text][\/vc_column][\/vc_row][vc_row][vc_column][vc_empty_space hide_on_mobile=&#8221;&#8221;][\/vc_column][\/vc_row][vc_row][vc_column width=&#8221;1\/3&#8243;][vc_hoverbox image=&#8221;1898&#8243; primary_title=&#8221;FLY FISHING GODEC&#8221; hover_title=&#8221;&#8221; hover_btn_title=&#8221;Pojdi na njihovo spletno stran&#8221; hover_btn_color=&#8221;info&#8221; hover_add_button=&#8221;true&#8221; hover_btn_link=&#8221;url:https%3A%2F%2Fwww.flyfishingodec.com%2F|title:Fly%20fishing%20Godec|target:%20_blank|&#8221; el_class=&#8221;sladkovodniribolov&#8221;] Fly fishing godec, ustanovitelj Matej Godec, \u017ee leta izvaja te\u010daje na, vedno bolj popularno\u00a0 ribolovno tehniko \u2013 muharjenje. S svojim navdihujo\u010dim pristopom in znanjem vam z veseljem&hellip;\" \/>\n<meta property=\"og:url\" content=\"https:\/\/en.seafishingslovenia.com\/sl\/sladkovodni-ribolov\/\" \/>\n<meta property=\"og:site_name\" content=\"Vodeni ribolov v slovenskem morju\" \/>\n<meta property=\"article:publisher\" content=\"https:\/\/www.facebook.com\/seafishingslovenia\/\" \/>\n<meta property=\"article:modified_time\" content=\"2021-02-12T10:30:35+00:00\" \/>\n<meta property=\"og:image\" content=\"https:\/\/seafishingslovenia.com\/wp-content\/uploads\/2020\/04\/FFG_image_logotype_horizont_colour-300x154.png\" \/>\n<meta name=\"twitter:card\" content=\"summary_large_image\" \/>\n<meta name=\"twitter:label1\" content=\"Est. reading time\" \/>\n\t<meta name=\"twitter:data1\" content=\"2 minuti\" \/>\n<script type=\"application\/ld+json\" class=\"yoast-schema-graph\">{\"@context\":\"https:\/\/schema.org\",\"@graph\":[{\"@type\":\"Organization\",\"@id\":\"https:\/\/en.seafishingslovenia.com\/#organization\",\"name\":\"Ribolov v slovenskem morju\",\"url\":\"https:\/\/en.seafishingslovenia.com\/\",\"sameAs\":[\"https:\/\/www.facebook.com\/seafishingslovenia\/\",\"https:\/\/www.instagram.com\/seafishingslovenia\/\",\"https:\/\/www.youtube.com\/channel\/UCX9hrnSWUMivTMsSQa_gQPw\/videos\"],\"logo\":{\"@type\":\"ImageObject\",\"@id\":\"https:\/\/en.seafishingslovenia.com\/#logo\",\"inLanguage\":\"sl-SI\",\"url\":\"http:\/\/en.seafishingslovenia.com\/wp-content\/uploads\/2020\/01\/2-layers.png\",\"contentUrl\":\"http:\/\/en.seafishingslovenia.com\/wp-content\/uploads\/2020\/01\/2-layers.png\",\"width\":91,\"height\":44,\"caption\":\"Ribolov v slovenskem morju\"},\"image\":{\"@id\":\"https:\/\/en.seafishingslovenia.com\/#logo\"}},{\"@type\":\"WebSite\",\"@id\":\"https:\/\/en.seafishingslovenia.com\/#website\",\"url\":\"https:\/\/en.seafishingslovenia.com\/\",\"name\":\"Ribolov v slovenskem morju vodeni morski ribolov\",\"description\":\"\",\"publisher\":{\"@id\":\"https:\/\/en.seafishingslovenia.com\/#organization\"},\"potentialAction\":[{\"@type\":\"SearchAction\",\"target\":{\"@type\":\"EntryPoint\",\"urlTemplate\":\"https:\/\/en.seafishingslovenia.com\/?s={search_term_string}\"},\"query-input\":\"required name=search_term_string\"}],\"inLanguage\":\"sl-SI\"},{\"@type\":\"ImageObject\",\"@id\":\"https:\/\/en.seafishingslovenia.com\/sl\/sladkovodni-ribolov\/#primaryimage\",\"inLanguage\":\"sl-SI\",\"url\":\"https:\/\/seafishingslovenia.com\/wp-content\/uploads\/2020\/04\/FFG_image_logotype_horizont_colour-300x154.png\",\"contentUrl\":\"https:\/\/seafishingslovenia.com\/wp-content\/uploads\/2020\/04\/FFG_image_logotype_horizont_colour-300x154.png\"},{\"@type\":\"WebPage\",\"@id\":\"https:\/\/en.seafishingslovenia.com\/sl\/sladkovodni-ribolov\/#webpage\",\"url\":\"https:\/\/en.seafishingslovenia.com\/sl\/sladkovodni-ribolov\/\",\"name\":\"Sladkovodni ribolov - Vodeni ribolov v slovenskem morju\",\"isPartOf\":{\"@id\":\"https:\/\/en.seafishingslovenia.com\/#website\"},\"primaryImageOfPage\":{\"@id\":\"https:\/\/en.seafishingslovenia.com\/sl\/sladkovodni-ribolov\/#primaryimage\"},\"datePublished\":\"2020-03-02T14:33:29+00:00\",\"dateModified\":\"2021-02-12T10:30:35+00:00\",\"breadcrumb\":{\"@id\":\"https:\/\/en.seafishingslovenia.com\/sl\/sladkovodni-ribolov\/#breadcrumb\"},\"inLanguage\":\"sl-SI\",\"potentialAction\":[{\"@type\":\"ReadAction\",\"target\":[\"https:\/\/en.seafishingslovenia.com\/sl\/sladkovodni-ribolov\/\"]}]},{\"@type\":\"BreadcrumbList\",\"@id\":\"https:\/\/en.seafishingslovenia.com\/sl\/sladkovodni-ribolov\/#breadcrumb\",\"itemListElement\":[{\"@type\":\"ListItem\",\"position\":1,\"name\":\"Home\",\"item\":\"https:\/\/en.seafishingslovenia.com\/sl\/\"},{\"@type\":\"ListItem\",\"position\":2,\"name\":\"Sladkovodni ribolov\"}]}]}<\/script>\n<!-- \/ Yoast SEO plugin. -->","yoast_head_json":{"title":"Sladkovodni ribolov - Vodeni ribolov v slovenskem morju","robots":{"index":"index","follow":"follow","max-snippet":"max-snippet:-1","max-image-preview":"max-image-preview:large","max-video-preview":"max-video-preview:-1"},"canonical":"https:\/\/en.seafishingslovenia.com\/sl\/sladkovodni-ribolov\/","og_locale":"sl_SI","og_type":"article","og_title":"Sladkovodni ribolov - Vodeni ribolov v slovenskem morju","og_description":"[vc_row full_width=&#8221;stretch_row&#8221; css=&#8221;.vc_custom_1588332413673{padding-top: 3.5em !important;padding-bottom: 7.5em !important;background-image: url(https:\/\/seafishingslovenia.com\/wp-content\/uploads\/2020\/01\/bg_contacts.jpg?id=1412) !important;background-position: 0 0 !important;background-repeat: no-repeat !important;}&#8221;][vc_column][vc_column_text] SLADKOVODNI RIBOLOV [\/vc_column_text][\/vc_column][\/vc_row][vc_row][vc_column][vc_empty_space hide_on_mobile=&#8221;&#8221;][\/vc_column][\/vc_row][vc_row][vc_column width=&#8221;1\/3&#8243;][vc_hoverbox image=&#8221;1898&#8243; primary_title=&#8221;FLY FISHING GODEC&#8221; hover_title=&#8221;&#8221; hover_btn_title=&#8221;Pojdi na njihovo spletno stran&#8221; hover_btn_color=&#8221;info&#8221; hover_add_button=&#8221;true&#8221; hover_btn_link=&#8221;url:https%3A%2F%2Fwww.flyfishingodec.com%2F|title:Fly%20fishing%20Godec|target:%20_blank|&#8221; el_class=&#8221;sladkovodniribolov&#8221;] Fly fishing godec, ustanovitelj Matej Godec, \u017ee leta izvaja te\u010daje na, vedno bolj popularno\u00a0 ribolovno tehniko \u2013 muharjenje. S svojim navdihujo\u010dim pristopom in znanjem vam z veseljem&hellip;","og_url":"https:\/\/en.seafishingslovenia.com\/sl\/sladkovodni-ribolov\/","og_site_name":"Vodeni ribolov v slovenskem morju","article_publisher":"https:\/\/www.facebook.com\/seafishingslovenia\/","article_modified_time":"2021-02-12T10:30:35+00:00","og_image":[{"url":"https:\/\/seafishingslovenia.com\/wp-content\/uploads\/2020\/04\/FFG_image_logotype_horizont_colour-300x154.png"}],"twitter_card":"summary_large_image","twitter_misc":{"Est. reading time":"2 minuti"},"schema":{"@context":"https:\/\/schema.org","@graph":[{"@type":"Organization","@id":"https:\/\/en.seafishingslovenia.com\/#organization","name":"Ribolov v slovenskem morju","url":"https:\/\/en.seafishingslovenia.com\/","sameAs":["https:\/\/www.facebook.com\/seafishingslovenia\/","https:\/\/www.instagram.com\/seafishingslovenia\/","https:\/\/www.youtube.com\/channel\/UCX9hrnSWUMivTMsSQa_gQPw\/videos"],"logo":{"@type":"ImageObject","@id":"https:\/\/en.seafishingslovenia.com\/#logo","inLanguage":"sl-SI","url":"http:\/\/en.seafishingslovenia.com\/wp-content\/uploads\/2020\/01\/2-layers.png","contentUrl":"http:\/\/en.seafishingslovenia.com\/wp-content\/uploads\/2020\/01\/2-layers.png","width":91,"height":44,"caption":"Ribolov v slovenskem morju"},"image":{"@id":"https:\/\/en.seafishingslovenia.com\/#logo"}},{"@type":"WebSite","@id":"https:\/\/en.seafishingslovenia.com\/#website","url":"https:\/\/en.seafishingslovenia.com\/","name":"Ribolov v slovenskem morju vodeni morski ribolov","description":"","publisher":{"@id":"https:\/\/en.seafishingslovenia.com\/#organization"},"potentialAction":[{"@type":"SearchAction","target":{"@type":"EntryPoint","urlTemplate":"https:\/\/en.seafishingslovenia.com\/?s={search_term_string}"},"query-input":"required name=search_term_string"}],"inLanguage":"sl-SI"},{"@type":"ImageObject","@id":"https:\/\/en.seafishingslovenia.com\/sl\/sladkovodni-ribolov\/#primaryimage","inLanguage":"sl-SI","url":"https:\/\/seafishingslovenia.com\/wp-content\/uploads\/2020\/04\/FFG_image_logotype_horizont_colour-300x154.png","contentUrl":"https:\/\/seafishingslovenia.com\/wp-content\/uploads\/2020\/04\/FFG_image_logotype_horizont_colour-300x154.png"},{"@type":"WebPage","@id":"https:\/\/en.seafishingslovenia.com\/sl\/sladkovodni-ribolov\/#webpage","url":"https:\/\/en.seafishingslovenia.com\/sl\/sladkovodni-ribolov\/","name":"Sladkovodni ribolov - Vodeni ribolov v slovenskem morju","isPartOf":{"@id":"https:\/\/en.seafishingslovenia.com\/#website"},"primaryImageOfPage":{"@id":"https:\/\/en.seafishingslovenia.com\/sl\/sladkovodni-ribolov\/#primaryimage"},"datePublished":"2020-03-02T14:33:29+00:00","dateModified":"2021-02-12T10:30:35+00:00","breadcrumb":{"@id":"https:\/\/en.seafishingslovenia.com\/sl\/sladkovodni-ribolov\/#breadcrumb"},"inLanguage":"sl-SI","potentialAction":[{"@type":"ReadAction","target":["https:\/\/en.seafishingslovenia.com\/sl\/sladkovodni-ribolov\/"]}]},{"@type":"BreadcrumbList","@id":"https:\/\/en.seafishingslovenia.com\/sl\/sladkovodni-ribolov\/#breadcrumb","itemListElement":[{"@type":"ListItem","position":1,"name":"Home","item":"https:\/\/en.seafishingslovenia.com\/sl\/"},{"@type":"ListItem","position":2,"name":"Sladkovodni ribolov"}]}]}},"_links":{"self":[{"href":"https:\/\/en.seafishingslovenia.com\/sl\/wp-json\/wp\/v2\/pages\/1772"}],"collection":[{"href":"https:\/\/en.seafishingslovenia.com\/sl\/wp-json\/wp\/v2\/pages"}],"about":[{"href":"https:\/\/en.seafishingslovenia.com\/sl\/wp-json\/wp\/v2\/types\/page"}],"author":[{"embeddable":true,"href":"https:\/\/en.seafishingslovenia.com\/sl\/wp-json\/wp\/v2\/users\/990004"}],"replies":[{"embeddable":true,"href":"https:\/\/en.seafishingslovenia.com\/sl\/wp-json\/wp\/v2\/comments?post=1772"}],"version-history":[{"count":65,"href":"https:\/\/en.seafishingslovenia.com\/sl\/wp-json\/wp\/v2\/pages\/1772\/revisions"}],"predecessor-version":[{"id":2827,"href":"https:\/\/en.seafishingslovenia.com\/sl\/wp-json\/wp\/v2\/pages\/1772\/revisions\/2827"}],"wp:attachment":[{"href":"https:\/\/en.seafishingslovenia.com\/sl\/wp-json\/wp\/v2\/media?parent=1772"}],"curies":[{"name":"wp","href":"https:\/\/api.w.org\/{rel}","templated":true}]}}