{"id":1713,"date":"2020-02-06T07:59:47","date_gmt":"2020-02-06T07:59:47","guid":{"rendered":"https:\/\/seafishingslovenia.com\/?page_id=1713"},"modified":"2020-06-01T07:41:38","modified_gmt":"2020-06-01T07:41:38","slug":"darilni-bon","status":"publish","type":"page","link":"https:\/\/en.seafishingslovenia.com\/sl\/darilni-bon\/","title":{"rendered":"Darilni bon"},"content":{"rendered":"<p>[vc_row full_width=&#8221;stretch_row&#8221; css=&#8221;.vc_custom_1588331958787{padding-top: 3.5em !important;padding-bottom: 7.5em !important;background-image: url(https:\/\/seafishingslovenia.com\/wp-content\/uploads\/2020\/01\/bg_contacts.jpg?id=1412) !important;background-position: 0 0 !important;background-repeat: no-repeat !important;}&#8221;][vc_column][vc_column_text]<\/p>\n<h1 style=\"text-align: center;\">DARILNI BON<\/h1>\n<p>[\/vc_column_text][\/vc_column][\/vc_row][vc_row][vc_column][vc_column_text]Izku\u0161nje so pokazale, da ima vsak svoje individualne \u017eelje glede morskega ribolova, ki se jih potrudimo uresni\u010diti. Zaupajte nam jih in skupaj bomo na\u0161li najbolj\u0161e darilo za va\u0161ega slavljenca![\/vc_column_text][\/vc_column][\/vc_row][vc_row][vc_column][vc_empty_space hide_on_mobile=&#8221;&#8221;][\/vc_column][\/vc_row][vc_row][vc_column width=&#8221;1\/2&#8243;][vc_column_text]Glavne to\u010dke o ponudbi morskega ribolova:<\/p>\n<ul>\n<li>organiziran skupinski ribolov<\/li>\n<li>individualen te\u010daj ribolova<\/li>\n<li>najem opreme za morski ribolov<\/li>\n<li>priprava vabe za morski ribolov<\/li>\n<\/ul>\n<p>[\/vc_column_text][\/vc_column][vc_column width=&#8221;1\/2&#8243;][vc_gallery interval=&#8221;3&#8243; images=&#8221;1599,1562,1557&#8243; img_size=&#8221;medium&#8221; onclick=&#8221;&#8221;][\/vc_column][\/vc_row]<\/p>\n","protected":false},"excerpt":{"rendered":"<p>[vc_row full_width=&#8221;stretch_row&#8221; css=&#8221;.vc_custom_1588331958787{padding-top: 3.5em !important;padding-bottom: 7.5em !important;background-image: url(https:\/\/seafishingslovenia.com\/wp-content\/uploads\/2020\/01\/bg_contacts.jpg?id=1412) !important;background-position: 0 0 !important;background-repeat: no-repeat !important;}&#8221;][vc_column][vc_column_text] DARILNI BON [\/vc_column_text][\/vc_column][\/vc_row][vc_row][vc_column][vc_column_text]Izku\u0161nje so pokazale, da ima vsak svoje individualne \u017eelje glede morskega ribolova, ki se jih potrudimo uresni\u010diti. Zaupajte nam jih in skupaj bomo na\u0161li najbolj\u0161e darilo za va\u0161ega slavljenca![\/vc_column_text][\/vc_column][\/vc_row][vc_row][vc_column][vc_empty_space hide_on_mobile=&#8221;&#8221;][\/vc_column][\/vc_row][vc_row][vc_column width=&#8221;1\/2&#8243;][vc_column_text]Glavne to\u010dke o ponudbi morskega ribolova: organiziran skupinski ribolov individualen te\u010daj ribolova najem opreme&hellip;<\/p>\n","protected":false},"author":990004,"featured_media":0,"parent":0,"menu_order":0,"comment_status":"closed","ping_status":"closed","template":"","meta":[],"yoast_head":"<!-- This site is optimized with the Yoast SEO plugin v17.1 - https:\/\/yoast.com\/wordpress\/plugins\/seo\/ -->\n<title>Darilni bon - Vodeni ribolov v slovenskem morju<\/title>\n<meta name=\"robots\" content=\"index, follow, max-snippet:-1, max-image-preview:large, max-video-preview:-1\" \/>\n<link rel=\"canonical\" href=\"https:\/\/en.seafishingslovenia.com\/sl\/darilni-bon\/\" \/>\n<meta property=\"og:locale\" content=\"sl_SI\" \/>\n<meta property=\"og:type\" content=\"article\" \/>\n<meta property=\"og:title\" content=\"Darilni bon - Vodeni ribolov v slovenskem morju\" \/>\n<meta property=\"og:description\" content=\"[vc_row full_width=&#8221;stretch_row&#8221; css=&#8221;.vc_custom_1588331958787{padding-top: 3.5em !important;padding-bottom: 7.5em !important;background-image: url(https:\/\/seafishingslovenia.com\/wp-content\/uploads\/2020\/01\/bg_contacts.jpg?id=1412) !important;background-position: 0 0 !important;background-repeat: no-repeat !important;}&#8221;][vc_column][vc_column_text] DARILNI BON [\/vc_column_text][\/vc_column][\/vc_row][vc_row][vc_column][vc_column_text]Izku\u0161nje so pokazale, da ima vsak svoje individualne \u017eelje glede morskega ribolova, ki se jih potrudimo uresni\u010diti. Zaupajte nam jih in skupaj bomo na\u0161li najbolj\u0161e darilo za va\u0161ega slavljenca![\/vc_column_text][\/vc_column][\/vc_row][vc_row][vc_column][vc_empty_space hide_on_mobile=&#8221;&#8221;][\/vc_column][\/vc_row][vc_row][vc_column width=&#8221;1\/2&#8243;][vc_column_text]Glavne to\u010dke o ponudbi morskega ribolova: organiziran skupinski ribolov individualen te\u010daj ribolova najem opreme&hellip;\" \/>\n<meta property=\"og:url\" content=\"https:\/\/en.seafishingslovenia.com\/sl\/darilni-bon\/\" \/>\n<meta property=\"og:site_name\" content=\"Vodeni ribolov v slovenskem morju\" \/>\n<meta property=\"article:publisher\" content=\"https:\/\/www.facebook.com\/seafishingslovenia\/\" \/>\n<meta property=\"article:modified_time\" content=\"2020-06-01T07:41:38+00:00\" \/>\n<meta name=\"twitter:card\" content=\"summary_large_image\" \/>\n<meta name=\"twitter:label1\" content=\"Est. reading time\" \/>\n\t<meta name=\"twitter:data1\" content=\"1 minuta\" \/>\n<script type=\"application\/ld+json\" class=\"yoast-schema-graph\">{\"@context\":\"https:\/\/schema.org\",\"@graph\":[{\"@type\":\"Organization\",\"@id\":\"https:\/\/en.seafishingslovenia.com\/#organization\",\"name\":\"Ribolov v slovenskem morju\",\"url\":\"https:\/\/en.seafishingslovenia.com\/\",\"sameAs\":[\"https:\/\/www.facebook.com\/seafishingslovenia\/\",\"https:\/\/www.instagram.com\/seafishingslovenia\/\",\"https:\/\/www.youtube.com\/channel\/UCX9hrnSWUMivTMsSQa_gQPw\/videos\"],\"logo\":{\"@type\":\"ImageObject\",\"@id\":\"https:\/\/en.seafishingslovenia.com\/#logo\",\"inLanguage\":\"sl-SI\",\"url\":\"http:\/\/en.seafishingslovenia.com\/wp-content\/uploads\/2020\/01\/2-layers.png\",\"contentUrl\":\"http:\/\/en.seafishingslovenia.com\/wp-content\/uploads\/2020\/01\/2-layers.png\",\"width\":91,\"height\":44,\"caption\":\"Ribolov v slovenskem morju\"},\"image\":{\"@id\":\"https:\/\/en.seafishingslovenia.com\/#logo\"}},{\"@type\":\"WebSite\",\"@id\":\"https:\/\/en.seafishingslovenia.com\/#website\",\"url\":\"https:\/\/en.seafishingslovenia.com\/\",\"name\":\"Ribolov v slovenskem morju vodeni morski ribolov\",\"description\":\"\",\"publisher\":{\"@id\":\"https:\/\/en.seafishingslovenia.com\/#organization\"},\"potentialAction\":[{\"@type\":\"SearchAction\",\"target\":{\"@type\":\"EntryPoint\",\"urlTemplate\":\"https:\/\/en.seafishingslovenia.com\/?s={search_term_string}\"},\"query-input\":\"required name=search_term_string\"}],\"inLanguage\":\"sl-SI\"},{\"@type\":\"WebPage\",\"@id\":\"https:\/\/en.seafishingslovenia.com\/sl\/darilni-bon\/#webpage\",\"url\":\"https:\/\/en.seafishingslovenia.com\/sl\/darilni-bon\/\",\"name\":\"Darilni bon - Vodeni ribolov v slovenskem morju\",\"isPartOf\":{\"@id\":\"https:\/\/en.seafishingslovenia.com\/#website\"},\"datePublished\":\"2020-02-06T07:59:47+00:00\",\"dateModified\":\"2020-06-01T07:41:38+00:00\",\"breadcrumb\":{\"@id\":\"https:\/\/en.seafishingslovenia.com\/sl\/darilni-bon\/#breadcrumb\"},\"inLanguage\":\"sl-SI\",\"potentialAction\":[{\"@type\":\"ReadAction\",\"target\":[\"https:\/\/en.seafishingslovenia.com\/sl\/darilni-bon\/\"]}]},{\"@type\":\"BreadcrumbList\",\"@id\":\"https:\/\/en.seafishingslovenia.com\/sl\/darilni-bon\/#breadcrumb\",\"itemListElement\":[{\"@type\":\"ListItem\",\"position\":1,\"name\":\"Home\",\"item\":\"https:\/\/en.seafishingslovenia.com\/sl\/\"},{\"@type\":\"ListItem\",\"position\":2,\"name\":\"Darilni bon\"}]}]}<\/script>\n<!-- \/ Yoast SEO plugin. -->","yoast_head_json":{"title":"Darilni bon - Vodeni ribolov v slovenskem morju","robots":{"index":"index","follow":"follow","max-snippet":"max-snippet:-1","max-image-preview":"max-image-preview:large","max-video-preview":"max-video-preview:-1"},"canonical":"https:\/\/en.seafishingslovenia.com\/sl\/darilni-bon\/","og_locale":"sl_SI","og_type":"article","og_title":"Darilni bon - Vodeni ribolov v slovenskem morju","og_description":"[vc_row full_width=&#8221;stretch_row&#8221; css=&#8221;.vc_custom_1588331958787{padding-top: 3.5em !important;padding-bottom: 7.5em !important;background-image: url(https:\/\/seafishingslovenia.com\/wp-content\/uploads\/2020\/01\/bg_contacts.jpg?id=1412) !important;background-position: 0 0 !important;background-repeat: no-repeat !important;}&#8221;][vc_column][vc_column_text] DARILNI BON [\/vc_column_text][\/vc_column][\/vc_row][vc_row][vc_column][vc_column_text]Izku\u0161nje so pokazale, da ima vsak svoje individualne \u017eelje glede morskega ribolova, ki se jih potrudimo uresni\u010diti. Zaupajte nam jih in skupaj bomo na\u0161li najbolj\u0161e darilo za va\u0161ega slavljenca![\/vc_column_text][\/vc_column][\/vc_row][vc_row][vc_column][vc_empty_space hide_on_mobile=&#8221;&#8221;][\/vc_column][\/vc_row][vc_row][vc_column width=&#8221;1\/2&#8243;][vc_column_text]Glavne to\u010dke o ponudbi morskega ribolova: organiziran skupinski ribolov individualen te\u010daj ribolova najem opreme&hellip;","og_url":"https:\/\/en.seafishingslovenia.com\/sl\/darilni-bon\/","og_site_name":"Vodeni ribolov v slovenskem morju","article_publisher":"https:\/\/www.facebook.com\/seafishingslovenia\/","article_modified_time":"2020-06-01T07:41:38+00:00","twitter_card":"summary_large_image","twitter_misc":{"Est. reading time":"1 minuta"},"schema":{"@context":"https:\/\/schema.org","@graph":[{"@type":"Organization","@id":"https:\/\/en.seafishingslovenia.com\/#organization","name":"Ribolov v slovenskem morju","url":"https:\/\/en.seafishingslovenia.com\/","sameAs":["https:\/\/www.facebook.com\/seafishingslovenia\/","https:\/\/www.instagram.com\/seafishingslovenia\/","https:\/\/www.youtube.com\/channel\/UCX9hrnSWUMivTMsSQa_gQPw\/videos"],"logo":{"@type":"ImageObject","@id":"https:\/\/en.seafishingslovenia.com\/#logo","inLanguage":"sl-SI","url":"http:\/\/en.seafishingslovenia.com\/wp-content\/uploads\/2020\/01\/2-layers.png","contentUrl":"http:\/\/en.seafishingslovenia.com\/wp-content\/uploads\/2020\/01\/2-layers.png","width":91,"height":44,"caption":"Ribolov v slovenskem morju"},"image":{"@id":"https:\/\/en.seafishingslovenia.com\/#logo"}},{"@type":"WebSite","@id":"https:\/\/en.seafishingslovenia.com\/#website","url":"https:\/\/en.seafishingslovenia.com\/","name":"Ribolov v slovenskem morju vodeni morski ribolov","description":"","publisher":{"@id":"https:\/\/en.seafishingslovenia.com\/#organization"},"potentialAction":[{"@type":"SearchAction","target":{"@type":"EntryPoint","urlTemplate":"https:\/\/en.seafishingslovenia.com\/?s={search_term_string}"},"query-input":"required name=search_term_string"}],"inLanguage":"sl-SI"},{"@type":"WebPage","@id":"https:\/\/en.seafishingslovenia.com\/sl\/darilni-bon\/#webpage","url":"https:\/\/en.seafishingslovenia.com\/sl\/darilni-bon\/","name":"Darilni bon - Vodeni ribolov v slovenskem morju","isPartOf":{"@id":"https:\/\/en.seafishingslovenia.com\/#website"},"datePublished":"2020-02-06T07:59:47+00:00","dateModified":"2020-06-01T07:41:38+00:00","breadcrumb":{"@id":"https:\/\/en.seafishingslovenia.com\/sl\/darilni-bon\/#breadcrumb"},"inLanguage":"sl-SI","potentialAction":[{"@type":"ReadAction","target":["https:\/\/en.seafishingslovenia.com\/sl\/darilni-bon\/"]}]},{"@type":"BreadcrumbList","@id":"https:\/\/en.seafishingslovenia.com\/sl\/darilni-bon\/#breadcrumb","itemListElement":[{"@type":"ListItem","position":1,"name":"Home","item":"https:\/\/en.seafishingslovenia.com\/sl\/"},{"@type":"ListItem","position":2,"name":"Darilni bon"}]}]}},"_links":{"self":[{"href":"https:\/\/en.seafishingslovenia.com\/sl\/wp-json\/wp\/v2\/pages\/1713"}],"collection":[{"href":"https:\/\/en.seafishingslovenia.com\/sl\/wp-json\/wp\/v2\/pages"}],"about":[{"href":"https:\/\/en.seafishingslovenia.com\/sl\/wp-json\/wp\/v2\/types\/page"}],"author":[{"embeddable":true,"href":"https:\/\/en.seafishingslovenia.com\/sl\/wp-json\/wp\/v2\/users\/990004"}],"replies":[{"embeddable":true,"href":"https:\/\/en.seafishingslovenia.com\/sl\/wp-json\/wp\/v2\/comments?post=1713"}],"version-history":[{"count":10,"href":"https:\/\/en.seafishingslovenia.com\/sl\/wp-json\/wp\/v2\/pages\/1713\/revisions"}],"predecessor-version":[{"id":2015,"href":"https:\/\/en.seafishingslovenia.com\/sl\/wp-json\/wp\/v2\/pages\/1713\/revisions\/2015"}],"wp:attachment":[{"href":"https:\/\/en.seafishingslovenia.com\/sl\/wp-json\/wp\/v2\/media?parent=1713"}],"curies":[{"name":"wp","href":"https:\/\/api.w.org\/{rel}","templated":true}]}}