{"id":1677,"date":"2020-01-31T10:47:09","date_gmt":"2020-01-31T10:47:09","guid":{"rendered":"https:\/\/seafishingslovenia.com\/?page_id=1677"},"modified":"2020-05-01T11:28:08","modified_gmt":"2020-05-01T11:28:08","slug":"moli","status":"publish","type":"page","link":"https:\/\/en.seafishingslovenia.com\/sl\/vrste-rib\/moli\/","title":{"rendered":"Moli"},"content":{"rendered":"<p>[vc_row full_width=&#8221;stretch_row&#8221; css=&#8221;.vc_custom_1588332489292{padding-top: 3.5em !important;padding-bottom: 7.5em !important;background-image: url(https:\/\/seafishingslovenia.com\/wp-content\/uploads\/2020\/01\/bg_contacts.jpg?id=1412) !important;background-position: 0 0 !important;background-repeat: no-repeat !important;}&#8221;][vc_column][vc_column_text]<\/p>\n<h1 style=\"text-align: center;\">MOL<\/h1>\n<p>[\/vc_column_text][\/vc_column][\/vc_row][vc_row][vc_column width=&#8221;1\/2&#8243;][vc_column_text]<\/p>\n<p>Mol spada v dru\u017eino trsk in ima podolgovato svetlo telo, ki se za\u010dne z veliko glavo in se v rep zaklju\u010di koni\u010dasto. Telo je sluzasto, prekrito z drobnimi luskami in nima bodic. \u017divi na globini pod 15 m na muljastem ali sedimentnem dnu. Ima ne\u017eo belo meso zato je najbolje, da ga \u017ee med ribolovom hranimo na ledu, predvsem v toplej\u0161ih mesecih.<\/p>\n<p><strong>Obna\u0161anje mola:<\/strong> Moli se zadr\u017eujejo pri dnu v manj\u0161ih jatah, po zna\u010daju so zelo po\u017ere\u0161ne ribe.<\/p>\n<p><strong>Sezona lova:<\/strong> V Tr\u017ea\u0161ki zaliv pridejo jate molov v pozni jeseni ali v za\u010detku zime (Nov, Dec). Tu se lahko zadr\u017eujejo vse do za\u010detka poletja.<\/p>\n<p><strong>Kako jih lovimo:<\/strong> Lovimo jih iz zasidranega \u010dolna na dno. Priporo\u010dljiva je uporaba tr\u0161ih palic z mehkim vrhom (bollentino), kot uspe\u0161ne so se izkazale tudi palice za vija\u010denje.<\/p>\n<p><strong>Kak\u0161no navezo uporabimo:<\/strong> Naveze naj bodo na 2 ali 3 trnke.<\/p>\n<p><strong>Trnki:<\/strong> Najbolje je uporabiti trnke z dolgim vratom (<em>abardeen<\/em>), tak trnek la\u017eje dose\u017eemo v velikih molovih ustih.<\/p>\n<p><strong>Vaba: <\/strong>Najbolj uspe\u0161na vaba za ribolov molov je kos sardele z dodatkom traka kalamara (lignja), tak\u0161no kombinacijo bo mol na dnu hitreje opazil. V primeru, da imamo pod \u010dolnom ve\u010djo jato jih je mo\u017eno loviti tudi na umetne vabe (manj\u0161e silikone ali sabiki sistem).<\/p>\n<p><strong>Brum (privabljanje):<\/strong> Ker se moli gibajo v manj\u0161ih jatah in sledijo vonju hrane je priporo\u010dljiva uporaba bruma iz plavih mastnih rib. Najbolje, da zmlete sardele damo v mre\u017eo, jo obte\u017eimo in spustimo cca. 2m nad dnom. Med ribolovom mre\u017eo ve\u010dkrat potresemo.<br \/>\n<strong>Pe\u010deni moli:<\/strong> Sve\u017ee mole o\u010distimo v morju in jih povaljamo v droptinah in spe\u010demo na prstu olja.<\/p>\n<p>[\/vc_column_text][\/vc_column][vc_column width=&#8221;1\/2&#8243;][vc_single_image image=&#8221;1679&#8243; img_size=&#8221;large&#8221; alignment=&#8221;center&#8221;][vc_empty_space hide_on_mobile=&#8221;&#8221;][vc_column_text]<\/p>\n<h3>KAKO PRIPRAVITI SLASTNE MOLE<\/h3>\n<p>[\/vc_column_text][vc_video link=&#8221;https:\/\/youtu.be\/9GKo10_LtyM&#8221; align=&#8221;center&#8221;][vc_empty_space hide_on_mobile=&#8221;&#8221;][vc_column_text]V ponvi segrejem olj\u010dno olje, med tem povaljam mole v kru\u0161nih droptinah. Ribe nato polo\u017eim v segreto olje in pe\u010dem na vsaki strani pribli\u017eno 2 minuti. Olja naj bo v ponvi za &#8221;en prst&#8221;. Ko so moli pe\u010deni jih odstranim in osolim. Pa dober tek \ud83d\udc4c\ud83d\udc4c\ud83d\udc4c\ud83d\udc68\u200d\ud83c\udf73[\/vc_column_text][\/vc_column][\/vc_row]<\/p>\n","protected":false},"excerpt":{"rendered":"<p>[vc_row full_width=&#8221;stretch_row&#8221; css=&#8221;.vc_custom_1588332489292{padding-top: 3.5em !important;padding-bottom: 7.5em !important;background-image: url(https:\/\/seafishingslovenia.com\/wp-content\/uploads\/2020\/01\/bg_contacts.jpg?id=1412) !important;background-position: 0 0 !important;background-repeat: no-repeat !important;}&#8221;][vc_column][vc_column_text] MOL [\/vc_column_text][\/vc_column][\/vc_row][vc_row][vc_column width=&#8221;1\/2&#8243;][vc_column_text] Mol spada v dru\u017eino trsk in ima podolgovato svetlo telo, ki se za\u010dne z veliko glavo in se v rep zaklju\u010di koni\u010dasto. Telo je sluzasto, prekrito z drobnimi luskami in nima bodic. \u017divi na globini pod 15 m na muljastem ali sedimentnem dnu.&hellip;<\/p>\n","protected":false},"author":990004,"featured_media":0,"parent":1501,"menu_order":0,"comment_status":"closed","ping_status":"closed","template":"","meta":[],"yoast_head":"<!-- This site is optimized with the Yoast SEO plugin v17.1 - https:\/\/yoast.com\/wordpress\/plugins\/seo\/ -->\n<title>Moli - Vodeni ribolov v slovenskem morju<\/title>\n<meta name=\"robots\" content=\"index, follow, max-snippet:-1, max-image-preview:large, max-video-preview:-1\" \/>\n<link rel=\"canonical\" href=\"https:\/\/en.seafishingslovenia.com\/sl\/vrste-rib\/moli\/\" \/>\n<meta property=\"og:locale\" content=\"sl_SI\" \/>\n<meta property=\"og:type\" content=\"article\" \/>\n<meta property=\"og:title\" content=\"Moli - Vodeni ribolov v slovenskem morju\" \/>\n<meta property=\"og:description\" content=\"[vc_row full_width=&#8221;stretch_row&#8221; css=&#8221;.vc_custom_1588332489292{padding-top: 3.5em !important;padding-bottom: 7.5em !important;background-image: url(https:\/\/seafishingslovenia.com\/wp-content\/uploads\/2020\/01\/bg_contacts.jpg?id=1412) !important;background-position: 0 0 !important;background-repeat: no-repeat !important;}&#8221;][vc_column][vc_column_text] MOL [\/vc_column_text][\/vc_column][\/vc_row][vc_row][vc_column width=&#8221;1\/2&#8243;][vc_column_text] Mol spada v dru\u017eino trsk in ima podolgovato svetlo telo, ki se za\u010dne z veliko glavo in se v rep zaklju\u010di koni\u010dasto. Telo je sluzasto, prekrito z drobnimi luskami in nima bodic. \u017divi na globini pod 15 m na muljastem ali sedimentnem dnu.&hellip;\" \/>\n<meta property=\"og:url\" content=\"https:\/\/en.seafishingslovenia.com\/sl\/vrste-rib\/moli\/\" \/>\n<meta property=\"og:site_name\" content=\"Vodeni ribolov v slovenskem morju\" \/>\n<meta property=\"article:publisher\" content=\"https:\/\/www.facebook.com\/seafishingslovenia\/\" \/>\n<meta property=\"article:modified_time\" content=\"2020-05-01T11:28:08+00:00\" \/>\n<meta name=\"twitter:card\" content=\"summary_large_image\" \/>\n<meta name=\"twitter:label1\" content=\"Est. reading time\" \/>\n\t<meta name=\"twitter:data1\" content=\"2 minuti\" \/>\n<script type=\"application\/ld+json\" class=\"yoast-schema-graph\">{\"@context\":\"https:\/\/schema.org\",\"@graph\":[{\"@type\":\"Organization\",\"@id\":\"https:\/\/en.seafishingslovenia.com\/#organization\",\"name\":\"Ribolov v slovenskem morju\",\"url\":\"https:\/\/en.seafishingslovenia.com\/\",\"sameAs\":[\"https:\/\/www.facebook.com\/seafishingslovenia\/\",\"https:\/\/www.instagram.com\/seafishingslovenia\/\",\"https:\/\/www.youtube.com\/channel\/UCX9hrnSWUMivTMsSQa_gQPw\/videos\"],\"logo\":{\"@type\":\"ImageObject\",\"@id\":\"https:\/\/en.seafishingslovenia.com\/#logo\",\"inLanguage\":\"sl-SI\",\"url\":\"http:\/\/en.seafishingslovenia.com\/wp-content\/uploads\/2020\/01\/2-layers.png\",\"contentUrl\":\"http:\/\/en.seafishingslovenia.com\/wp-content\/uploads\/2020\/01\/2-layers.png\",\"width\":91,\"height\":44,\"caption\":\"Ribolov v slovenskem morju\"},\"image\":{\"@id\":\"https:\/\/en.seafishingslovenia.com\/#logo\"}},{\"@type\":\"WebSite\",\"@id\":\"https:\/\/en.seafishingslovenia.com\/#website\",\"url\":\"https:\/\/en.seafishingslovenia.com\/\",\"name\":\"Ribolov v slovenskem morju vodeni morski ribolov\",\"description\":\"\",\"publisher\":{\"@id\":\"https:\/\/en.seafishingslovenia.com\/#organization\"},\"potentialAction\":[{\"@type\":\"SearchAction\",\"target\":{\"@type\":\"EntryPoint\",\"urlTemplate\":\"https:\/\/en.seafishingslovenia.com\/?s={search_term_string}\"},\"query-input\":\"required name=search_term_string\"}],\"inLanguage\":\"sl-SI\"},{\"@type\":\"WebPage\",\"@id\":\"https:\/\/en.seafishingslovenia.com\/sl\/vrste-rib\/moli\/#webpage\",\"url\":\"https:\/\/en.seafishingslovenia.com\/sl\/vrste-rib\/moli\/\",\"name\":\"Moli - Vodeni ribolov v slovenskem morju\",\"isPartOf\":{\"@id\":\"https:\/\/en.seafishingslovenia.com\/#website\"},\"datePublished\":\"2020-01-31T10:47:09+00:00\",\"dateModified\":\"2020-05-01T11:28:08+00:00\",\"breadcrumb\":{\"@id\":\"https:\/\/en.seafishingslovenia.com\/sl\/vrste-rib\/moli\/#breadcrumb\"},\"inLanguage\":\"sl-SI\",\"potentialAction\":[{\"@type\":\"ReadAction\",\"target\":[\"https:\/\/en.seafishingslovenia.com\/sl\/vrste-rib\/moli\/\"]}]},{\"@type\":\"BreadcrumbList\",\"@id\":\"https:\/\/en.seafishingslovenia.com\/sl\/vrste-rib\/moli\/#breadcrumb\",\"itemListElement\":[{\"@type\":\"ListItem\",\"position\":1,\"name\":\"Home\",\"item\":\"https:\/\/en.seafishingslovenia.com\/sl\/\"},{\"@type\":\"ListItem\",\"position\":2,\"name\":\"Vrste rib\",\"item\":\"https:\/\/en.seafishingslovenia.com\/sl\/vrste-rib\/\"},{\"@type\":\"ListItem\",\"position\":3,\"name\":\"Moli\"}]}]}<\/script>\n<!-- \/ Yoast SEO plugin. -->","yoast_head_json":{"title":"Moli - Vodeni ribolov v slovenskem morju","robots":{"index":"index","follow":"follow","max-snippet":"max-snippet:-1","max-image-preview":"max-image-preview:large","max-video-preview":"max-video-preview:-1"},"canonical":"https:\/\/en.seafishingslovenia.com\/sl\/vrste-rib\/moli\/","og_locale":"sl_SI","og_type":"article","og_title":"Moli - Vodeni ribolov v slovenskem morju","og_description":"[vc_row full_width=&#8221;stretch_row&#8221; css=&#8221;.vc_custom_1588332489292{padding-top: 3.5em !important;padding-bottom: 7.5em !important;background-image: url(https:\/\/seafishingslovenia.com\/wp-content\/uploads\/2020\/01\/bg_contacts.jpg?id=1412) !important;background-position: 0 0 !important;background-repeat: no-repeat !important;}&#8221;][vc_column][vc_column_text] MOL [\/vc_column_text][\/vc_column][\/vc_row][vc_row][vc_column width=&#8221;1\/2&#8243;][vc_column_text] Mol spada v dru\u017eino trsk in ima podolgovato svetlo telo, ki se za\u010dne z veliko glavo in se v rep zaklju\u010di koni\u010dasto. Telo je sluzasto, prekrito z drobnimi luskami in nima bodic. \u017divi na globini pod 15 m na muljastem ali sedimentnem dnu.&hellip;","og_url":"https:\/\/en.seafishingslovenia.com\/sl\/vrste-rib\/moli\/","og_site_name":"Vodeni ribolov v slovenskem morju","article_publisher":"https:\/\/www.facebook.com\/seafishingslovenia\/","article_modified_time":"2020-05-01T11:28:08+00:00","twitter_card":"summary_large_image","twitter_misc":{"Est. reading time":"2 minuti"},"schema":{"@context":"https:\/\/schema.org","@graph":[{"@type":"Organization","@id":"https:\/\/en.seafishingslovenia.com\/#organization","name":"Ribolov v slovenskem morju","url":"https:\/\/en.seafishingslovenia.com\/","sameAs":["https:\/\/www.facebook.com\/seafishingslovenia\/","https:\/\/www.instagram.com\/seafishingslovenia\/","https:\/\/www.youtube.com\/channel\/UCX9hrnSWUMivTMsSQa_gQPw\/videos"],"logo":{"@type":"ImageObject","@id":"https:\/\/en.seafishingslovenia.com\/#logo","inLanguage":"sl-SI","url":"http:\/\/en.seafishingslovenia.com\/wp-content\/uploads\/2020\/01\/2-layers.png","contentUrl":"http:\/\/en.seafishingslovenia.com\/wp-content\/uploads\/2020\/01\/2-layers.png","width":91,"height":44,"caption":"Ribolov v slovenskem morju"},"image":{"@id":"https:\/\/en.seafishingslovenia.com\/#logo"}},{"@type":"WebSite","@id":"https:\/\/en.seafishingslovenia.com\/#website","url":"https:\/\/en.seafishingslovenia.com\/","name":"Ribolov v slovenskem morju vodeni morski ribolov","description":"","publisher":{"@id":"https:\/\/en.seafishingslovenia.com\/#organization"},"potentialAction":[{"@type":"SearchAction","target":{"@type":"EntryPoint","urlTemplate":"https:\/\/en.seafishingslovenia.com\/?s={search_term_string}"},"query-input":"required name=search_term_string"}],"inLanguage":"sl-SI"},{"@type":"WebPage","@id":"https:\/\/en.seafishingslovenia.com\/sl\/vrste-rib\/moli\/#webpage","url":"https:\/\/en.seafishingslovenia.com\/sl\/vrste-rib\/moli\/","name":"Moli - Vodeni ribolov v slovenskem morju","isPartOf":{"@id":"https:\/\/en.seafishingslovenia.com\/#website"},"datePublished":"2020-01-31T10:47:09+00:00","dateModified":"2020-05-01T11:28:08+00:00","breadcrumb":{"@id":"https:\/\/en.seafishingslovenia.com\/sl\/vrste-rib\/moli\/#breadcrumb"},"inLanguage":"sl-SI","potentialAction":[{"@type":"ReadAction","target":["https:\/\/en.seafishingslovenia.com\/sl\/vrste-rib\/moli\/"]}]},{"@type":"BreadcrumbList","@id":"https:\/\/en.seafishingslovenia.com\/sl\/vrste-rib\/moli\/#breadcrumb","itemListElement":[{"@type":"ListItem","position":1,"name":"Home","item":"https:\/\/en.seafishingslovenia.com\/sl\/"},{"@type":"ListItem","position":2,"name":"Vrste rib","item":"https:\/\/en.seafishingslovenia.com\/sl\/vrste-rib\/"},{"@type":"ListItem","position":3,"name":"Moli"}]}]}},"_links":{"self":[{"href":"https:\/\/en.seafishingslovenia.com\/sl\/wp-json\/wp\/v2\/pages\/1677"}],"collection":[{"href":"https:\/\/en.seafishingslovenia.com\/sl\/wp-json\/wp\/v2\/pages"}],"about":[{"href":"https:\/\/en.seafishingslovenia.com\/sl\/wp-json\/wp\/v2\/types\/page"}],"author":[{"embeddable":true,"href":"https:\/\/en.seafishingslovenia.com\/sl\/wp-json\/wp\/v2\/users\/990004"}],"replies":[{"embeddable":true,"href":"https:\/\/en.seafishingslovenia.com\/sl\/wp-json\/wp\/v2\/comments?post=1677"}],"version-history":[{"count":24,"href":"https:\/\/en.seafishingslovenia.com\/sl\/wp-json\/wp\/v2\/pages\/1677\/revisions"}],"predecessor-version":[{"id":1978,"href":"https:\/\/en.seafishingslovenia.com\/sl\/wp-json\/wp\/v2\/pages\/1677\/revisions\/1978"}],"up":[{"embeddable":true,"href":"https:\/\/en.seafishingslovenia.com\/sl\/wp-json\/wp\/v2\/pages\/1501"}],"wp:attachment":[{"href":"https:\/\/en.seafishingslovenia.com\/sl\/wp-json\/wp\/v2\/media?parent=1677"}],"curies":[{"name":"wp","href":"https:\/\/api.w.org\/{rel}","templated":true}]}}