{"id":1498,"date":"2020-01-27T18:01:55","date_gmt":"2020-01-27T18:01:55","guid":{"rendered":"https:\/\/seafishingslovenia.com\/?page_id=1498"},"modified":"2020-05-01T11:28:49","modified_gmt":"2020-05-01T11:28:49","slug":"sipe-lignji","status":"publish","type":"page","link":"https:\/\/en.seafishingslovenia.com\/sl\/vrste-rib\/sipe-lignji\/","title":{"rendered":"Sipe in lignji"},"content":{"rendered":"<p>[vc_row full_width=&#8221;stretch_row&#8221; css=&#8221;.vc_custom_1588332529960{padding-top: 3.5em !important;padding-bottom: 7.5em !important;background-image: url(https:\/\/seafishingslovenia.com\/wp-content\/uploads\/2020\/01\/bg_contacts.jpg?id=1412) !important;background-position: center !important;background-repeat: no-repeat !important;background-size: cover !important;}&#8221;][vc_column][vc_column_text]<\/p>\n<h1 style=\"text-align: center;\">SIPe in lignji<\/h1>\n<p>[\/vc_column_text][\/vc_column][\/vc_row][vc_row css=&#8221;.vc_custom_1476870206776{margin-top: 4.85em !important;margin-bottom: 8em !important;}&#8221;][vc_column width=&#8221;1\/2&#8243;][vc_column_text]Ko nastopi jesen, dnevi se skraj\u0161ajo, morje se ohladi, nastopi \u010das za ribolov sip in kalamarov. Sipe se v slovenskem morju pojavljajo v ve\u010djem \u0161tevilu, lahko jih uspe\u0161no lovimo tudi iz obale ampak s \u010dolnom la\u017eje pokrijemo razli\u010dne terene in globine.<\/p>\n<p>Za ribolov sip prisegam na tehniko vija\u010denja ali tako imenovan eging. Za ta na\u010din ribolova se uporabljajo mehkej\u0161e palice in tanj\u0161e pletenice za bolj\u0161i ob\u010dutek vabe. Za ribolov sip in kalamarov so zna\u010dilne posebne vabe tako imenovani egji ali po hrva\u0161ko pu\u0161\u010de. Gre za ribice razli\u010dnih pisanih barv, ki opona\u0161ajo glavno hrano sip in kalamarov &#8211; morske kozice ali manj\u0161e ribe.<\/p>\n<p>Sipe in kalamare radi lovimo, saj so odli\u010dne v razli\u010dnih kuharskih receptih. Osebno imam najraje ri\u017eote ter ocvrte sipe, dokler ne poskusite ne boste verjeli so izrazitej\u0161ega okusa od ocvrtih lignjev v restavracijah![\/vc_column_text][\/vc_column][vc_column width=&#8221;1\/2&#8243;][vc_video link=&#8221;https:\/\/youtu.be\/pHeGbPydotU&#8221; title=&#8221;Ribolov sip in kalamarov: Jesen 2018&#8243;][\/vc_column][\/vc_row][vc_row][vc_column][vc_empty_space height=&#8221;80px&#8221; alter_height=&#8221;medium&#8221; hide_on_mobile=&#8221;&#8221;][\/vc_column][\/vc_row]<\/p>\n","protected":false},"excerpt":{"rendered":"<p>[vc_row full_width=&#8221;stretch_row&#8221; css=&#8221;.vc_custom_1588332529960{padding-top: 3.5em !important;padding-bottom: 7.5em !important;background-image: url(https:\/\/seafishingslovenia.com\/wp-content\/uploads\/2020\/01\/bg_contacts.jpg?id=1412) !important;background-position: center !important;background-repeat: no-repeat !important;background-size: cover !important;}&#8221;][vc_column][vc_column_text] SIPe in lignji [\/vc_column_text][\/vc_column][\/vc_row][vc_row css=&#8221;.vc_custom_1476870206776{margin-top: 4.85em !important;margin-bottom: 8em !important;}&#8221;][vc_column width=&#8221;1\/2&#8243;][vc_column_text]Ko nastopi jesen, dnevi se skraj\u0161ajo, morje se ohladi, nastopi \u010das za ribolov sip in kalamarov. Sipe se v slovenskem morju pojavljajo v ve\u010djem \u0161tevilu, lahko jih uspe\u0161no lovimo tudi iz obale ampak s \u010dolnom la\u017eje&hellip;<\/p>\n","protected":false},"author":1,"featured_media":0,"parent":1501,"menu_order":0,"comment_status":"closed","ping_status":"closed","template":"","meta":[],"yoast_head":"<!-- This site is optimized with the Yoast SEO plugin v17.1 - https:\/\/yoast.com\/wordpress\/plugins\/seo\/ -->\n<title>Sipe in lignji - Vodeni ribolov v slovenskem morju<\/title>\n<meta name=\"robots\" content=\"index, follow, max-snippet:-1, max-image-preview:large, max-video-preview:-1\" \/>\n<link rel=\"canonical\" href=\"https:\/\/en.seafishingslovenia.com\/sl\/vrste-rib\/sipe-lignji\/\" \/>\n<meta property=\"og:locale\" content=\"sl_SI\" \/>\n<meta property=\"og:type\" content=\"article\" \/>\n<meta property=\"og:title\" content=\"Sipe in lignji - Vodeni ribolov v slovenskem morju\" \/>\n<meta property=\"og:description\" content=\"[vc_row full_width=&#8221;stretch_row&#8221; css=&#8221;.vc_custom_1588332529960{padding-top: 3.5em !important;padding-bottom: 7.5em !important;background-image: url(https:\/\/seafishingslovenia.com\/wp-content\/uploads\/2020\/01\/bg_contacts.jpg?id=1412) !important;background-position: center !important;background-repeat: no-repeat !important;background-size: cover !important;}&#8221;][vc_column][vc_column_text] SIPe in lignji [\/vc_column_text][\/vc_column][\/vc_row][vc_row css=&#8221;.vc_custom_1476870206776{margin-top: 4.85em !important;margin-bottom: 8em !important;}&#8221;][vc_column width=&#8221;1\/2&#8243;][vc_column_text]Ko nastopi jesen, dnevi se skraj\u0161ajo, morje se ohladi, nastopi \u010das za ribolov sip in kalamarov. Sipe se v slovenskem morju pojavljajo v ve\u010djem \u0161tevilu, lahko jih uspe\u0161no lovimo tudi iz obale ampak s \u010dolnom la\u017eje&hellip;\" \/>\n<meta property=\"og:url\" content=\"https:\/\/en.seafishingslovenia.com\/sl\/vrste-rib\/sipe-lignji\/\" \/>\n<meta property=\"og:site_name\" content=\"Vodeni ribolov v slovenskem morju\" \/>\n<meta property=\"article:publisher\" content=\"https:\/\/www.facebook.com\/seafishingslovenia\/\" \/>\n<meta property=\"article:modified_time\" content=\"2020-05-01T11:28:49+00:00\" \/>\n<meta name=\"twitter:card\" content=\"summary_large_image\" \/>\n<meta name=\"twitter:label1\" content=\"Est. reading time\" \/>\n\t<meta name=\"twitter:data1\" content=\"1 minuta\" \/>\n<script type=\"application\/ld+json\" class=\"yoast-schema-graph\">{\"@context\":\"https:\/\/schema.org\",\"@graph\":[{\"@type\":\"Organization\",\"@id\":\"https:\/\/en.seafishingslovenia.com\/#organization\",\"name\":\"Ribolov v slovenskem morju\",\"url\":\"https:\/\/en.seafishingslovenia.com\/\",\"sameAs\":[\"https:\/\/www.facebook.com\/seafishingslovenia\/\",\"https:\/\/www.instagram.com\/seafishingslovenia\/\",\"https:\/\/www.youtube.com\/channel\/UCX9hrnSWUMivTMsSQa_gQPw\/videos\"],\"logo\":{\"@type\":\"ImageObject\",\"@id\":\"https:\/\/en.seafishingslovenia.com\/#logo\",\"inLanguage\":\"sl-SI\",\"url\":\"http:\/\/en.seafishingslovenia.com\/wp-content\/uploads\/2020\/01\/2-layers.png\",\"contentUrl\":\"http:\/\/en.seafishingslovenia.com\/wp-content\/uploads\/2020\/01\/2-layers.png\",\"width\":91,\"height\":44,\"caption\":\"Ribolov v slovenskem morju\"},\"image\":{\"@id\":\"https:\/\/en.seafishingslovenia.com\/#logo\"}},{\"@type\":\"WebSite\",\"@id\":\"https:\/\/en.seafishingslovenia.com\/#website\",\"url\":\"https:\/\/en.seafishingslovenia.com\/\",\"name\":\"Ribolov v slovenskem morju vodeni morski ribolov\",\"description\":\"\",\"publisher\":{\"@id\":\"https:\/\/en.seafishingslovenia.com\/#organization\"},\"potentialAction\":[{\"@type\":\"SearchAction\",\"target\":{\"@type\":\"EntryPoint\",\"urlTemplate\":\"https:\/\/en.seafishingslovenia.com\/?s={search_term_string}\"},\"query-input\":\"required name=search_term_string\"}],\"inLanguage\":\"sl-SI\"},{\"@type\":\"WebPage\",\"@id\":\"https:\/\/en.seafishingslovenia.com\/sl\/vrste-rib\/sipe-lignji\/#webpage\",\"url\":\"https:\/\/en.seafishingslovenia.com\/sl\/vrste-rib\/sipe-lignji\/\",\"name\":\"Sipe in lignji - Vodeni ribolov v slovenskem morju\",\"isPartOf\":{\"@id\":\"https:\/\/en.seafishingslovenia.com\/#website\"},\"datePublished\":\"2020-01-27T18:01:55+00:00\",\"dateModified\":\"2020-05-01T11:28:49+00:00\",\"breadcrumb\":{\"@id\":\"https:\/\/en.seafishingslovenia.com\/sl\/vrste-rib\/sipe-lignji\/#breadcrumb\"},\"inLanguage\":\"sl-SI\",\"potentialAction\":[{\"@type\":\"ReadAction\",\"target\":[\"https:\/\/en.seafishingslovenia.com\/sl\/vrste-rib\/sipe-lignji\/\"]}]},{\"@type\":\"BreadcrumbList\",\"@id\":\"https:\/\/en.seafishingslovenia.com\/sl\/vrste-rib\/sipe-lignji\/#breadcrumb\",\"itemListElement\":[{\"@type\":\"ListItem\",\"position\":1,\"name\":\"Home\",\"item\":\"https:\/\/en.seafishingslovenia.com\/sl\/\"},{\"@type\":\"ListItem\",\"position\":2,\"name\":\"Vrste rib\",\"item\":\"https:\/\/en.seafishingslovenia.com\/sl\/vrste-rib\/\"},{\"@type\":\"ListItem\",\"position\":3,\"name\":\"Sipe in lignji\"}]}]}<\/script>\n<!-- \/ Yoast SEO plugin. -->","yoast_head_json":{"title":"Sipe in lignji - Vodeni ribolov v slovenskem morju","robots":{"index":"index","follow":"follow","max-snippet":"max-snippet:-1","max-image-preview":"max-image-preview:large","max-video-preview":"max-video-preview:-1"},"canonical":"https:\/\/en.seafishingslovenia.com\/sl\/vrste-rib\/sipe-lignji\/","og_locale":"sl_SI","og_type":"article","og_title":"Sipe in lignji - Vodeni ribolov v slovenskem morju","og_description":"[vc_row full_width=&#8221;stretch_row&#8221; css=&#8221;.vc_custom_1588332529960{padding-top: 3.5em !important;padding-bottom: 7.5em !important;background-image: url(https:\/\/seafishingslovenia.com\/wp-content\/uploads\/2020\/01\/bg_contacts.jpg?id=1412) !important;background-position: center !important;background-repeat: no-repeat !important;background-size: cover !important;}&#8221;][vc_column][vc_column_text] SIPe in lignji [\/vc_column_text][\/vc_column][\/vc_row][vc_row css=&#8221;.vc_custom_1476870206776{margin-top: 4.85em !important;margin-bottom: 8em !important;}&#8221;][vc_column width=&#8221;1\/2&#8243;][vc_column_text]Ko nastopi jesen, dnevi se skraj\u0161ajo, morje se ohladi, nastopi \u010das za ribolov sip in kalamarov. Sipe se v slovenskem morju pojavljajo v ve\u010djem \u0161tevilu, lahko jih uspe\u0161no lovimo tudi iz obale ampak s \u010dolnom la\u017eje&hellip;","og_url":"https:\/\/en.seafishingslovenia.com\/sl\/vrste-rib\/sipe-lignji\/","og_site_name":"Vodeni ribolov v slovenskem morju","article_publisher":"https:\/\/www.facebook.com\/seafishingslovenia\/","article_modified_time":"2020-05-01T11:28:49+00:00","twitter_card":"summary_large_image","twitter_misc":{"Est. reading time":"1 minuta"},"schema":{"@context":"https:\/\/schema.org","@graph":[{"@type":"Organization","@id":"https:\/\/en.seafishingslovenia.com\/#organization","name":"Ribolov v slovenskem morju","url":"https:\/\/en.seafishingslovenia.com\/","sameAs":["https:\/\/www.facebook.com\/seafishingslovenia\/","https:\/\/www.instagram.com\/seafishingslovenia\/","https:\/\/www.youtube.com\/channel\/UCX9hrnSWUMivTMsSQa_gQPw\/videos"],"logo":{"@type":"ImageObject","@id":"https:\/\/en.seafishingslovenia.com\/#logo","inLanguage":"sl-SI","url":"http:\/\/en.seafishingslovenia.com\/wp-content\/uploads\/2020\/01\/2-layers.png","contentUrl":"http:\/\/en.seafishingslovenia.com\/wp-content\/uploads\/2020\/01\/2-layers.png","width":91,"height":44,"caption":"Ribolov v slovenskem morju"},"image":{"@id":"https:\/\/en.seafishingslovenia.com\/#logo"}},{"@type":"WebSite","@id":"https:\/\/en.seafishingslovenia.com\/#website","url":"https:\/\/en.seafishingslovenia.com\/","name":"Ribolov v slovenskem morju vodeni morski ribolov","description":"","publisher":{"@id":"https:\/\/en.seafishingslovenia.com\/#organization"},"potentialAction":[{"@type":"SearchAction","target":{"@type":"EntryPoint","urlTemplate":"https:\/\/en.seafishingslovenia.com\/?s={search_term_string}"},"query-input":"required name=search_term_string"}],"inLanguage":"sl-SI"},{"@type":"WebPage","@id":"https:\/\/en.seafishingslovenia.com\/sl\/vrste-rib\/sipe-lignji\/#webpage","url":"https:\/\/en.seafishingslovenia.com\/sl\/vrste-rib\/sipe-lignji\/","name":"Sipe in lignji - Vodeni ribolov v slovenskem morju","isPartOf":{"@id":"https:\/\/en.seafishingslovenia.com\/#website"},"datePublished":"2020-01-27T18:01:55+00:00","dateModified":"2020-05-01T11:28:49+00:00","breadcrumb":{"@id":"https:\/\/en.seafishingslovenia.com\/sl\/vrste-rib\/sipe-lignji\/#breadcrumb"},"inLanguage":"sl-SI","potentialAction":[{"@type":"ReadAction","target":["https:\/\/en.seafishingslovenia.com\/sl\/vrste-rib\/sipe-lignji\/"]}]},{"@type":"BreadcrumbList","@id":"https:\/\/en.seafishingslovenia.com\/sl\/vrste-rib\/sipe-lignji\/#breadcrumb","itemListElement":[{"@type":"ListItem","position":1,"name":"Home","item":"https:\/\/en.seafishingslovenia.com\/sl\/"},{"@type":"ListItem","position":2,"name":"Vrste rib","item":"https:\/\/en.seafishingslovenia.com\/sl\/vrste-rib\/"},{"@type":"ListItem","position":3,"name":"Sipe in lignji"}]}]}},"_links":{"self":[{"href":"https:\/\/en.seafishingslovenia.com\/sl\/wp-json\/wp\/v2\/pages\/1498"}],"collection":[{"href":"https:\/\/en.seafishingslovenia.com\/sl\/wp-json\/wp\/v2\/pages"}],"about":[{"href":"https:\/\/en.seafishingslovenia.com\/sl\/wp-json\/wp\/v2\/types\/page"}],"author":[{"embeddable":true,"href":"https:\/\/en.seafishingslovenia.com\/sl\/wp-json\/wp\/v2\/users\/1"}],"replies":[{"embeddable":true,"href":"https:\/\/en.seafishingslovenia.com\/sl\/wp-json\/wp\/v2\/comments?post=1498"}],"version-history":[{"count":7,"href":"https:\/\/en.seafishingslovenia.com\/sl\/wp-json\/wp\/v2\/pages\/1498\/revisions"}],"predecessor-version":[{"id":1980,"href":"https:\/\/en.seafishingslovenia.com\/sl\/wp-json\/wp\/v2\/pages\/1498\/revisions\/1980"}],"up":[{"embeddable":true,"href":"https:\/\/en.seafishingslovenia.com\/sl\/wp-json\/wp\/v2\/pages\/1501"}],"wp:attachment":[{"href":"https:\/\/en.seafishingslovenia.com\/sl\/wp-json\/wp\/v2\/media?parent=1498"}],"curies":[{"name":"wp","href":"https:\/\/api.w.org\/{rel}","templated":true}]}}