{"id":1496,"date":"2020-01-27T18:00:29","date_gmt":"2020-01-27T18:00:29","guid":{"rendered":"https:\/\/seafishingslovenia.com\/?page_id=1496"},"modified":"2020-05-01T11:29:09","modified_gmt":"2020-05-01T11:29:09","slug":"skusa","status":"publish","type":"page","link":"https:\/\/en.seafishingslovenia.com\/sl\/vrste-rib\/skusa\/","title":{"rendered":"Sku\u0161a"},"content":{"rendered":"<p>[vc_row full_width=&#8221;stretch_row&#8221; css=&#8221;.vc_custom_1588332549551{padding-top: 3.5em !important;padding-bottom: 7.5em !important;background-image: url(https:\/\/seafishingslovenia.com\/wp-content\/uploads\/2020\/01\/bg_contacts.jpg?id=1412) !important;background-position: center !important;background-repeat: no-repeat !important;background-size: cover !important;}&#8221;][vc_column][vc_column_text]<\/p>\n<h1 style=\"text-align: center;\">SKU\u0160A<\/h1>\n<p>[\/vc_column_text][\/vc_column][\/vc_row][vc_row css=&#8221;.vc_custom_1476870206776{margin-top: 4.85em !important;margin-bottom: 8em !important;}&#8221;][vc_column width=&#8221;1\/2&#8243;][vc_column_text]Sku\u0161a ali po doma\u010de jim pravimo \u0160komber<\/p>\n<p>Jadranske sku\u0161e imajo prav posebno mesto med ljubitelji morskega ribolova. Gre za izredno borbene ribe, ki pridejo v na\u0161e morje v za\u010detku poletja in znajo vstrajati do poznej\u0161e jeseni (novembra).<\/p>\n<p>Sku\u0161e se zadr\u017eujejo v ve\u010djih jatah in je zato ribolov na sku\u0161e zelo atraktiven in zabaven. Lovimo jih predvsem na naravne vabe, sardela ter ko\u0161\u010dki lignja, uspe\u0161no so se izkazale tudi umetne vabe, predvsem sabiki in razni manj\u0161i jigi.<\/p>\n<p>Kljub svoji zmerni velikosti so izredno borbene in so \u017ee utrudile \u017ee marsi katerega zagri\u017eenega ribi\u010da.[\/vc_column_text][\/vc_column][vc_column width=&#8221;1\/2&#8243;][vc_video link=&#8221;https:\/\/youtu.be\/vMOOvzhxygY&#8221; title=&#8221;Poletni ribolov na sku\u0161e&#8221;][\/vc_column][\/vc_row][vc_row][vc_column][vc_empty_space height=&#8221;80px&#8221; alter_height=&#8221;medium&#8221; hide_on_mobile=&#8221;&#8221;][\/vc_column][\/vc_row]<\/p>\n","protected":false},"excerpt":{"rendered":"<p>[vc_row full_width=&#8221;stretch_row&#8221; css=&#8221;.vc_custom_1588332549551{padding-top: 3.5em !important;padding-bottom: 7.5em !important;background-image: url(https:\/\/seafishingslovenia.com\/wp-content\/uploads\/2020\/01\/bg_contacts.jpg?id=1412) !important;background-position: center !important;background-repeat: no-repeat !important;background-size: cover !important;}&#8221;][vc_column][vc_column_text] SKU\u0160A [\/vc_column_text][\/vc_column][\/vc_row][vc_row css=&#8221;.vc_custom_1476870206776{margin-top: 4.85em !important;margin-bottom: 8em !important;}&#8221;][vc_column width=&#8221;1\/2&#8243;][vc_column_text]Sku\u0161a ali po doma\u010de jim pravimo \u0160komber Jadranske sku\u0161e imajo prav posebno mesto med ljubitelji morskega ribolova. Gre za izredno borbene ribe, ki pridejo v na\u0161e morje v za\u010detku poletja in znajo vstrajati do poznej\u0161e jeseni (novembra). Sku\u0161e&hellip;<\/p>\n","protected":false},"author":1,"featured_media":0,"parent":1501,"menu_order":0,"comment_status":"closed","ping_status":"closed","template":"","meta":[],"yoast_head":"<!-- This site is optimized with the Yoast SEO plugin v17.1 - https:\/\/yoast.com\/wordpress\/plugins\/seo\/ -->\n<title>Sku\u0161a - Vodeni ribolov v slovenskem morju<\/title>\n<meta name=\"robots\" content=\"index, follow, max-snippet:-1, max-image-preview:large, max-video-preview:-1\" \/>\n<link rel=\"canonical\" href=\"https:\/\/en.seafishingslovenia.com\/sl\/vrste-rib\/skusa\/\" \/>\n<meta property=\"og:locale\" content=\"sl_SI\" \/>\n<meta property=\"og:type\" content=\"article\" \/>\n<meta property=\"og:title\" content=\"Sku\u0161a - Vodeni ribolov v slovenskem morju\" \/>\n<meta property=\"og:description\" content=\"[vc_row full_width=&#8221;stretch_row&#8221; css=&#8221;.vc_custom_1588332549551{padding-top: 3.5em !important;padding-bottom: 7.5em !important;background-image: url(https:\/\/seafishingslovenia.com\/wp-content\/uploads\/2020\/01\/bg_contacts.jpg?id=1412) !important;background-position: center !important;background-repeat: no-repeat !important;background-size: cover !important;}&#8221;][vc_column][vc_column_text] SKU\u0160A [\/vc_column_text][\/vc_column][\/vc_row][vc_row css=&#8221;.vc_custom_1476870206776{margin-top: 4.85em !important;margin-bottom: 8em !important;}&#8221;][vc_column width=&#8221;1\/2&#8243;][vc_column_text]Sku\u0161a ali po doma\u010de jim pravimo \u0160komber Jadranske sku\u0161e imajo prav posebno mesto med ljubitelji morskega ribolova. Gre za izredno borbene ribe, ki pridejo v na\u0161e morje v za\u010detku poletja in znajo vstrajati do poznej\u0161e jeseni (novembra). Sku\u0161e&hellip;\" \/>\n<meta property=\"og:url\" content=\"https:\/\/en.seafishingslovenia.com\/sl\/vrste-rib\/skusa\/\" \/>\n<meta property=\"og:site_name\" content=\"Vodeni ribolov v slovenskem morju\" \/>\n<meta property=\"article:publisher\" content=\"https:\/\/www.facebook.com\/seafishingslovenia\/\" \/>\n<meta property=\"article:modified_time\" content=\"2020-05-01T11:29:09+00:00\" \/>\n<meta name=\"twitter:card\" content=\"summary_large_image\" \/>\n<meta name=\"twitter:label1\" content=\"Est. reading time\" \/>\n\t<meta name=\"twitter:data1\" content=\"1 minuta\" \/>\n<script type=\"application\/ld+json\" class=\"yoast-schema-graph\">{\"@context\":\"https:\/\/schema.org\",\"@graph\":[{\"@type\":\"Organization\",\"@id\":\"https:\/\/en.seafishingslovenia.com\/#organization\",\"name\":\"Ribolov v slovenskem morju\",\"url\":\"https:\/\/en.seafishingslovenia.com\/\",\"sameAs\":[\"https:\/\/www.facebook.com\/seafishingslovenia\/\",\"https:\/\/www.instagram.com\/seafishingslovenia\/\",\"https:\/\/www.youtube.com\/channel\/UCX9hrnSWUMivTMsSQa_gQPw\/videos\"],\"logo\":{\"@type\":\"ImageObject\",\"@id\":\"https:\/\/en.seafishingslovenia.com\/#logo\",\"inLanguage\":\"sl-SI\",\"url\":\"http:\/\/en.seafishingslovenia.com\/wp-content\/uploads\/2020\/01\/2-layers.png\",\"contentUrl\":\"http:\/\/en.seafishingslovenia.com\/wp-content\/uploads\/2020\/01\/2-layers.png\",\"width\":91,\"height\":44,\"caption\":\"Ribolov v slovenskem morju\"},\"image\":{\"@id\":\"https:\/\/en.seafishingslovenia.com\/#logo\"}},{\"@type\":\"WebSite\",\"@id\":\"https:\/\/en.seafishingslovenia.com\/#website\",\"url\":\"https:\/\/en.seafishingslovenia.com\/\",\"name\":\"Ribolov v slovenskem morju vodeni morski ribolov\",\"description\":\"\",\"publisher\":{\"@id\":\"https:\/\/en.seafishingslovenia.com\/#organization\"},\"potentialAction\":[{\"@type\":\"SearchAction\",\"target\":{\"@type\":\"EntryPoint\",\"urlTemplate\":\"https:\/\/en.seafishingslovenia.com\/?s={search_term_string}\"},\"query-input\":\"required name=search_term_string\"}],\"inLanguage\":\"sl-SI\"},{\"@type\":\"WebPage\",\"@id\":\"https:\/\/en.seafishingslovenia.com\/sl\/vrste-rib\/skusa\/#webpage\",\"url\":\"https:\/\/en.seafishingslovenia.com\/sl\/vrste-rib\/skusa\/\",\"name\":\"Sku\\u0161a - Vodeni ribolov v slovenskem morju\",\"isPartOf\":{\"@id\":\"https:\/\/en.seafishingslovenia.com\/#website\"},\"datePublished\":\"2020-01-27T18:00:29+00:00\",\"dateModified\":\"2020-05-01T11:29:09+00:00\",\"breadcrumb\":{\"@id\":\"https:\/\/en.seafishingslovenia.com\/sl\/vrste-rib\/skusa\/#breadcrumb\"},\"inLanguage\":\"sl-SI\",\"potentialAction\":[{\"@type\":\"ReadAction\",\"target\":[\"https:\/\/en.seafishingslovenia.com\/sl\/vrste-rib\/skusa\/\"]}]},{\"@type\":\"BreadcrumbList\",\"@id\":\"https:\/\/en.seafishingslovenia.com\/sl\/vrste-rib\/skusa\/#breadcrumb\",\"itemListElement\":[{\"@type\":\"ListItem\",\"position\":1,\"name\":\"Home\",\"item\":\"https:\/\/en.seafishingslovenia.com\/sl\/\"},{\"@type\":\"ListItem\",\"position\":2,\"name\":\"Vrste rib\",\"item\":\"https:\/\/en.seafishingslovenia.com\/sl\/vrste-rib\/\"},{\"@type\":\"ListItem\",\"position\":3,\"name\":\"Sku\\u0161a\"}]}]}<\/script>\n<!-- \/ Yoast SEO plugin. -->","yoast_head_json":{"title":"Sku\u0161a - Vodeni ribolov v slovenskem morju","robots":{"index":"index","follow":"follow","max-snippet":"max-snippet:-1","max-image-preview":"max-image-preview:large","max-video-preview":"max-video-preview:-1"},"canonical":"https:\/\/en.seafishingslovenia.com\/sl\/vrste-rib\/skusa\/","og_locale":"sl_SI","og_type":"article","og_title":"Sku\u0161a - Vodeni ribolov v slovenskem morju","og_description":"[vc_row full_width=&#8221;stretch_row&#8221; css=&#8221;.vc_custom_1588332549551{padding-top: 3.5em !important;padding-bottom: 7.5em !important;background-image: url(https:\/\/seafishingslovenia.com\/wp-content\/uploads\/2020\/01\/bg_contacts.jpg?id=1412) !important;background-position: center !important;background-repeat: no-repeat !important;background-size: cover !important;}&#8221;][vc_column][vc_column_text] SKU\u0160A [\/vc_column_text][\/vc_column][\/vc_row][vc_row css=&#8221;.vc_custom_1476870206776{margin-top: 4.85em !important;margin-bottom: 8em !important;}&#8221;][vc_column width=&#8221;1\/2&#8243;][vc_column_text]Sku\u0161a ali po doma\u010de jim pravimo \u0160komber Jadranske sku\u0161e imajo prav posebno mesto med ljubitelji morskega ribolova. Gre za izredno borbene ribe, ki pridejo v na\u0161e morje v za\u010detku poletja in znajo vstrajati do poznej\u0161e jeseni (novembra). Sku\u0161e&hellip;","og_url":"https:\/\/en.seafishingslovenia.com\/sl\/vrste-rib\/skusa\/","og_site_name":"Vodeni ribolov v slovenskem morju","article_publisher":"https:\/\/www.facebook.com\/seafishingslovenia\/","article_modified_time":"2020-05-01T11:29:09+00:00","twitter_card":"summary_large_image","twitter_misc":{"Est. reading time":"1 minuta"},"schema":{"@context":"https:\/\/schema.org","@graph":[{"@type":"Organization","@id":"https:\/\/en.seafishingslovenia.com\/#organization","name":"Ribolov v slovenskem morju","url":"https:\/\/en.seafishingslovenia.com\/","sameAs":["https:\/\/www.facebook.com\/seafishingslovenia\/","https:\/\/www.instagram.com\/seafishingslovenia\/","https:\/\/www.youtube.com\/channel\/UCX9hrnSWUMivTMsSQa_gQPw\/videos"],"logo":{"@type":"ImageObject","@id":"https:\/\/en.seafishingslovenia.com\/#logo","inLanguage":"sl-SI","url":"http:\/\/en.seafishingslovenia.com\/wp-content\/uploads\/2020\/01\/2-layers.png","contentUrl":"http:\/\/en.seafishingslovenia.com\/wp-content\/uploads\/2020\/01\/2-layers.png","width":91,"height":44,"caption":"Ribolov v slovenskem morju"},"image":{"@id":"https:\/\/en.seafishingslovenia.com\/#logo"}},{"@type":"WebSite","@id":"https:\/\/en.seafishingslovenia.com\/#website","url":"https:\/\/en.seafishingslovenia.com\/","name":"Ribolov v slovenskem morju vodeni morski ribolov","description":"","publisher":{"@id":"https:\/\/en.seafishingslovenia.com\/#organization"},"potentialAction":[{"@type":"SearchAction","target":{"@type":"EntryPoint","urlTemplate":"https:\/\/en.seafishingslovenia.com\/?s={search_term_string}"},"query-input":"required name=search_term_string"}],"inLanguage":"sl-SI"},{"@type":"WebPage","@id":"https:\/\/en.seafishingslovenia.com\/sl\/vrste-rib\/skusa\/#webpage","url":"https:\/\/en.seafishingslovenia.com\/sl\/vrste-rib\/skusa\/","name":"Sku\u0161a - Vodeni ribolov v slovenskem morju","isPartOf":{"@id":"https:\/\/en.seafishingslovenia.com\/#website"},"datePublished":"2020-01-27T18:00:29+00:00","dateModified":"2020-05-01T11:29:09+00:00","breadcrumb":{"@id":"https:\/\/en.seafishingslovenia.com\/sl\/vrste-rib\/skusa\/#breadcrumb"},"inLanguage":"sl-SI","potentialAction":[{"@type":"ReadAction","target":["https:\/\/en.seafishingslovenia.com\/sl\/vrste-rib\/skusa\/"]}]},{"@type":"BreadcrumbList","@id":"https:\/\/en.seafishingslovenia.com\/sl\/vrste-rib\/skusa\/#breadcrumb","itemListElement":[{"@type":"ListItem","position":1,"name":"Home","item":"https:\/\/en.seafishingslovenia.com\/sl\/"},{"@type":"ListItem","position":2,"name":"Vrste rib","item":"https:\/\/en.seafishingslovenia.com\/sl\/vrste-rib\/"},{"@type":"ListItem","position":3,"name":"Sku\u0161a"}]}]}},"_links":{"self":[{"href":"https:\/\/en.seafishingslovenia.com\/sl\/wp-json\/wp\/v2\/pages\/1496"}],"collection":[{"href":"https:\/\/en.seafishingslovenia.com\/sl\/wp-json\/wp\/v2\/pages"}],"about":[{"href":"https:\/\/en.seafishingslovenia.com\/sl\/wp-json\/wp\/v2\/types\/page"}],"author":[{"embeddable":true,"href":"https:\/\/en.seafishingslovenia.com\/sl\/wp-json\/wp\/v2\/users\/1"}],"replies":[{"embeddable":true,"href":"https:\/\/en.seafishingslovenia.com\/sl\/wp-json\/wp\/v2\/comments?post=1496"}],"version-history":[{"count":8,"href":"https:\/\/en.seafishingslovenia.com\/sl\/wp-json\/wp\/v2\/pages\/1496\/revisions"}],"predecessor-version":[{"id":1982,"href":"https:\/\/en.seafishingslovenia.com\/sl\/wp-json\/wp\/v2\/pages\/1496\/revisions\/1982"}],"up":[{"embeddable":true,"href":"https:\/\/en.seafishingslovenia.com\/sl\/wp-json\/wp\/v2\/pages\/1501"}],"wp:attachment":[{"href":"https:\/\/en.seafishingslovenia.com\/sl\/wp-json\/wp\/v2\/media?parent=1496"}],"curies":[{"name":"wp","href":"https:\/\/api.w.org\/{rel}","templated":true}]}}