{"id":1491,"date":"2020-01-27T17:57:14","date_gmt":"2020-01-27T17:57:14","guid":{"rendered":"https:\/\/seafishingslovenia.com\/?page_id=1491"},"modified":"2020-05-01T11:29:45","modified_gmt":"2020-05-01T11:29:45","slug":"zlata-skusa-ali-lampuga","status":"publish","type":"page","link":"https:\/\/en.seafishingslovenia.com\/sl\/vrste-rib\/zlata-skusa-ali-lampuga\/","title":{"rendered":"Zlata sku\u0161a &#8211; Lampuga"},"content":{"rendered":"<p>[vc_row full_width=&#8221;stretch_row&#8221; css=&#8221;.vc_custom_1588332586049{padding-top: 3.5em !important;padding-bottom: 7.5em !important;background-image: url(https:\/\/seafishingslovenia.com\/wp-content\/uploads\/2020\/01\/bg_contacts.jpg?id=1412) !important;background-position: center !important;background-repeat: no-repeat !important;background-size: cover !important;}&#8221;][vc_column][vc_column_text]<\/p>\n<h1 style=\"text-align: center;\">ZLATA SKU\u0160A &#8211; LAMPUGA<\/h1>\n<p>[\/vc_column_text][\/vc_column][\/vc_row][vc_row css=&#8221;.vc_custom_1476870206776{margin-top: 4.85em !important;margin-bottom: 8em !important;}&#8221;][vc_column width=&#8221;1\/2&#8243;][vc_column_text]\u010ceprav so lampuge v Jadranskem morju prisotne \u017ee od nekdaj, med doma\u010dini \u0161e vedno velja za malo znano in nenavadno ribo. Jadranski ribi\u010di jih namre\u010d, kljub temu, da je lampug v zadnjem \u010dasu v Jadranu vse ve\u010d in ve\u010d, ujamejo le redko in zgolj slu\u010dajno. Morebiti je temu tako zato, ker lampuge plavajo v glavnem po odprtem morju, obalam pa se pribli\u017eajo le poredko. Morda jih ne lovijo tudi zato, ker so lampuge v primerjavi z drugimi jadranskimi ribami resni\u010dno precej druga\u010dnega videza in navad. Sli\u0161al sem, da jih celo zmedeno spu\u0161\u010dajo nazaj v vodo, misle\u010d, da so strupene. O, kak\u0161na \u0161koda. Za ribi\u0161ke kolege drugje po svetu so namre\u010d lampuge v ribi\u0161kem in kulinari\u010dnem smislu prava poslastica.<\/p>\n<p>Lampugam bi lahko rekli tudi mavri\u010dne ribe. Po bokih so zlate, zelene in rumene barve, po trebu\u0161\u010dkih pa srebrno bele. Telo imajo posejano z vijoli\u010dno modrimi in \u010drnimi pikicami in made\u017ei. Barve, v katere so odete, so posebnega sijaja, ki pa, ko lampuga pogine, ugasnejo, ve\u010dina barv pa zbledi.<\/p>\n<p>Lampuga ima zelo sloko in podolgovato telo, ki je v celoti prekrito z drobnimi in tankimi luskami. Ima velika usta in mo\u010dno \u010deljust, kar nam jasno pove, da je prava roparica. Zgoraj jo krasi velika modrikasta hrbtna plavut, zadaj pa mo\u010dan vili\u010dast rep, po \u010demer sklepamo, da je hitra, gib\u010dna in plavalka. Bojda se zna za plenom pognati celo do 80 kilometrov na uro.<\/p>\n<p>Je riba, ki raste zelo hitro, po nekih raziskavah celo najhitreje na svetu, saj v ugodnih pogojih pridobi tudi do 1 kg mese\u010dno. Najve\u010dja velikost lampug je okoli 1,8 m, te\u017ea pa 40 kg. Zna pa biti celo ve\u010d, saj \u017ee svetovni rekord za ulovljeno na \u0161portni na\u010din in trnek po standardih IGFA (International Game Fishing Association) zna\u0161a 39,5 kg.<\/p>\n<p>Jadranske lampuge so manj\u0161e od njihovih kolegic v oceanih, saj zrastejo do okoli 1 metra in 5 kilogramov. Povpre\u010den jadranski ulov je velik okoli 1 kg, res pa je, da se bo to po vsej verjetnosti kmalu spremenilo, saj so za\u010deli v Jadran prihajati tudi ve\u010dji primerki, te\u017eki med 10 do 15 kilogramov. Sli\u0161al sem namre\u010d, da so tak\u0161nih na Jadranu lani ulovili kar veliko. \u017divljenjska doba lampug je obi\u010dajno od 3 do 5 let, spolno pa dozorijo \u017ee pred dopolnjenim prvim letom starosti.<\/p>\n<p>Samci in samice se po videzu razlikujejo predvsem po obliki glave. No, zna\u010dilna oblika glave s strmim \u010delom je prisotna pri obeh spolih, vendar pri samcih s\u010dasoma postane profil izrazito navpi\u010den, pri samicah pa ostane zaobljen. Menda bi naj bila oblika sam\u010deve glave tista, ki samice \u0161e najbolj spolno privla\u010di. No ja, kar v redu, kajne? Tako jim je pa\u010d zapovedala narava, za razliko od na\u0161ega rodu, ki si je kot spolno privla\u010dno omislil tudi denarnice, \u0161minko in celo avtomobile.[\/vc_column_text][\/vc_column][vc_column width=&#8221;1\/2&#8243;][vc_single_image image=&#8221;1492&#8243; img_size=&#8221;full&#8221; style=&#8221;vc_box_shadow_3d&#8221; onclick=&#8221;link_image&#8221;][vc_video link=&#8221;https:\/\/youtu.be\/Zi3uk3UUJhc&#8221; title=&#8221;Fly fishing Mahi Mahi &#8211; Sep. 2019&#8243;][\/vc_column][\/vc_row][vc_row][vc_column][vc_empty_space height=&#8221;80px&#8221; alter_height=&#8221;medium&#8221; hide_on_mobile=&#8221;&#8221;][\/vc_column][\/vc_row]<\/p>\n","protected":false},"excerpt":{"rendered":"<p>[vc_row full_width=&#8221;stretch_row&#8221; css=&#8221;.vc_custom_1588332586049{padding-top: 3.5em !important;padding-bottom: 7.5em !important;background-image: url(https:\/\/seafishingslovenia.com\/wp-content\/uploads\/2020\/01\/bg_contacts.jpg?id=1412) !important;background-position: center !important;background-repeat: no-repeat !important;background-size: cover !important;}&#8221;][vc_column][vc_column_text] ZLATA SKU\u0160A &#8211; LAMPUGA [\/vc_column_text][\/vc_column][\/vc_row][vc_row css=&#8221;.vc_custom_1476870206776{margin-top: 4.85em !important;margin-bottom: 8em !important;}&#8221;][vc_column width=&#8221;1\/2&#8243;][vc_column_text]\u010ceprav so lampuge v Jadranskem morju prisotne \u017ee od nekdaj, med doma\u010dini \u0161e vedno velja za malo znano in nenavadno ribo. Jadranski ribi\u010di jih namre\u010d, kljub temu, da je lampug v zadnjem \u010dasu v Jadranu&hellip;<\/p>\n","protected":false},"author":1,"featured_media":0,"parent":1501,"menu_order":0,"comment_status":"closed","ping_status":"closed","template":"","meta":[],"yoast_head":"<!-- This site is optimized with the Yoast SEO plugin v17.1 - https:\/\/yoast.com\/wordpress\/plugins\/seo\/ -->\n<title>Zlata sku\u0161a - Lampuga - Vodeni ribolov v slovenskem morju<\/title>\n<meta name=\"robots\" content=\"index, follow, max-snippet:-1, max-image-preview:large, max-video-preview:-1\" \/>\n<link rel=\"canonical\" href=\"https:\/\/en.seafishingslovenia.com\/sl\/vrste-rib\/zlata-skusa-ali-lampuga\/\" \/>\n<meta property=\"og:locale\" content=\"sl_SI\" \/>\n<meta property=\"og:type\" content=\"article\" \/>\n<meta property=\"og:title\" content=\"Zlata sku\u0161a - Lampuga - Vodeni ribolov v slovenskem morju\" \/>\n<meta property=\"og:description\" content=\"[vc_row full_width=&#8221;stretch_row&#8221; css=&#8221;.vc_custom_1588332586049{padding-top: 3.5em !important;padding-bottom: 7.5em !important;background-image: url(https:\/\/seafishingslovenia.com\/wp-content\/uploads\/2020\/01\/bg_contacts.jpg?id=1412) !important;background-position: center !important;background-repeat: no-repeat !important;background-size: cover !important;}&#8221;][vc_column][vc_column_text] ZLATA SKU\u0160A &#8211; LAMPUGA [\/vc_column_text][\/vc_column][\/vc_row][vc_row css=&#8221;.vc_custom_1476870206776{margin-top: 4.85em !important;margin-bottom: 8em !important;}&#8221;][vc_column width=&#8221;1\/2&#8243;][vc_column_text]\u010ceprav so lampuge v Jadranskem morju prisotne \u017ee od nekdaj, med doma\u010dini \u0161e vedno velja za malo znano in nenavadno ribo. Jadranski ribi\u010di jih namre\u010d, kljub temu, da je lampug v zadnjem \u010dasu v Jadranu&hellip;\" \/>\n<meta property=\"og:url\" content=\"https:\/\/en.seafishingslovenia.com\/sl\/vrste-rib\/zlata-skusa-ali-lampuga\/\" \/>\n<meta property=\"og:site_name\" content=\"Vodeni ribolov v slovenskem morju\" \/>\n<meta property=\"article:publisher\" content=\"https:\/\/www.facebook.com\/seafishingslovenia\/\" \/>\n<meta property=\"article:modified_time\" content=\"2020-05-01T11:29:45+00:00\" \/>\n<meta name=\"twitter:card\" content=\"summary_large_image\" \/>\n<meta name=\"twitter:label1\" content=\"Est. reading time\" \/>\n\t<meta name=\"twitter:data1\" content=\"3 minute\" \/>\n<script type=\"application\/ld+json\" class=\"yoast-schema-graph\">{\"@context\":\"https:\/\/schema.org\",\"@graph\":[{\"@type\":\"Organization\",\"@id\":\"https:\/\/en.seafishingslovenia.com\/#organization\",\"name\":\"Ribolov v slovenskem morju\",\"url\":\"https:\/\/en.seafishingslovenia.com\/\",\"sameAs\":[\"https:\/\/www.facebook.com\/seafishingslovenia\/\",\"https:\/\/www.instagram.com\/seafishingslovenia\/\",\"https:\/\/www.youtube.com\/channel\/UCX9hrnSWUMivTMsSQa_gQPw\/videos\"],\"logo\":{\"@type\":\"ImageObject\",\"@id\":\"https:\/\/en.seafishingslovenia.com\/#logo\",\"inLanguage\":\"sl-SI\",\"url\":\"http:\/\/en.seafishingslovenia.com\/wp-content\/uploads\/2020\/01\/2-layers.png\",\"contentUrl\":\"http:\/\/en.seafishingslovenia.com\/wp-content\/uploads\/2020\/01\/2-layers.png\",\"width\":91,\"height\":44,\"caption\":\"Ribolov v slovenskem morju\"},\"image\":{\"@id\":\"https:\/\/en.seafishingslovenia.com\/#logo\"}},{\"@type\":\"WebSite\",\"@id\":\"https:\/\/en.seafishingslovenia.com\/#website\",\"url\":\"https:\/\/en.seafishingslovenia.com\/\",\"name\":\"Ribolov v slovenskem morju vodeni morski ribolov\",\"description\":\"\",\"publisher\":{\"@id\":\"https:\/\/en.seafishingslovenia.com\/#organization\"},\"potentialAction\":[{\"@type\":\"SearchAction\",\"target\":{\"@type\":\"EntryPoint\",\"urlTemplate\":\"https:\/\/en.seafishingslovenia.com\/?s={search_term_string}\"},\"query-input\":\"required name=search_term_string\"}],\"inLanguage\":\"sl-SI\"},{\"@type\":\"WebPage\",\"@id\":\"https:\/\/en.seafishingslovenia.com\/sl\/vrste-rib\/zlata-skusa-ali-lampuga\/#webpage\",\"url\":\"https:\/\/en.seafishingslovenia.com\/sl\/vrste-rib\/zlata-skusa-ali-lampuga\/\",\"name\":\"Zlata sku\\u0161a - Lampuga - Vodeni ribolov v slovenskem morju\",\"isPartOf\":{\"@id\":\"https:\/\/en.seafishingslovenia.com\/#website\"},\"datePublished\":\"2020-01-27T17:57:14+00:00\",\"dateModified\":\"2020-05-01T11:29:45+00:00\",\"breadcrumb\":{\"@id\":\"https:\/\/en.seafishingslovenia.com\/sl\/vrste-rib\/zlata-skusa-ali-lampuga\/#breadcrumb\"},\"inLanguage\":\"sl-SI\",\"potentialAction\":[{\"@type\":\"ReadAction\",\"target\":[\"https:\/\/en.seafishingslovenia.com\/sl\/vrste-rib\/zlata-skusa-ali-lampuga\/\"]}]},{\"@type\":\"BreadcrumbList\",\"@id\":\"https:\/\/en.seafishingslovenia.com\/sl\/vrste-rib\/zlata-skusa-ali-lampuga\/#breadcrumb\",\"itemListElement\":[{\"@type\":\"ListItem\",\"position\":1,\"name\":\"Home\",\"item\":\"https:\/\/en.seafishingslovenia.com\/sl\/\"},{\"@type\":\"ListItem\",\"position\":2,\"name\":\"Vrste rib\",\"item\":\"https:\/\/en.seafishingslovenia.com\/sl\/vrste-rib\/\"},{\"@type\":\"ListItem\",\"position\":3,\"name\":\"Zlata sku\\u0161a &#8211; Lampuga\"}]}]}<\/script>\n<!-- \/ Yoast SEO plugin. -->","yoast_head_json":{"title":"Zlata sku\u0161a - Lampuga - Vodeni ribolov v slovenskem morju","robots":{"index":"index","follow":"follow","max-snippet":"max-snippet:-1","max-image-preview":"max-image-preview:large","max-video-preview":"max-video-preview:-1"},"canonical":"https:\/\/en.seafishingslovenia.com\/sl\/vrste-rib\/zlata-skusa-ali-lampuga\/","og_locale":"sl_SI","og_type":"article","og_title":"Zlata sku\u0161a - Lampuga - Vodeni ribolov v slovenskem morju","og_description":"[vc_row full_width=&#8221;stretch_row&#8221; css=&#8221;.vc_custom_1588332586049{padding-top: 3.5em !important;padding-bottom: 7.5em !important;background-image: url(https:\/\/seafishingslovenia.com\/wp-content\/uploads\/2020\/01\/bg_contacts.jpg?id=1412) !important;background-position: center !important;background-repeat: no-repeat !important;background-size: cover !important;}&#8221;][vc_column][vc_column_text] ZLATA SKU\u0160A &#8211; LAMPUGA [\/vc_column_text][\/vc_column][\/vc_row][vc_row css=&#8221;.vc_custom_1476870206776{margin-top: 4.85em !important;margin-bottom: 8em !important;}&#8221;][vc_column width=&#8221;1\/2&#8243;][vc_column_text]\u010ceprav so lampuge v Jadranskem morju prisotne \u017ee od nekdaj, med doma\u010dini \u0161e vedno velja za malo znano in nenavadno ribo. Jadranski ribi\u010di jih namre\u010d, kljub temu, da je lampug v zadnjem \u010dasu v Jadranu&hellip;","og_url":"https:\/\/en.seafishingslovenia.com\/sl\/vrste-rib\/zlata-skusa-ali-lampuga\/","og_site_name":"Vodeni ribolov v slovenskem morju","article_publisher":"https:\/\/www.facebook.com\/seafishingslovenia\/","article_modified_time":"2020-05-01T11:29:45+00:00","twitter_card":"summary_large_image","twitter_misc":{"Est. reading time":"3 minute"},"schema":{"@context":"https:\/\/schema.org","@graph":[{"@type":"Organization","@id":"https:\/\/en.seafishingslovenia.com\/#organization","name":"Ribolov v slovenskem morju","url":"https:\/\/en.seafishingslovenia.com\/","sameAs":["https:\/\/www.facebook.com\/seafishingslovenia\/","https:\/\/www.instagram.com\/seafishingslovenia\/","https:\/\/www.youtube.com\/channel\/UCX9hrnSWUMivTMsSQa_gQPw\/videos"],"logo":{"@type":"ImageObject","@id":"https:\/\/en.seafishingslovenia.com\/#logo","inLanguage":"sl-SI","url":"http:\/\/en.seafishingslovenia.com\/wp-content\/uploads\/2020\/01\/2-layers.png","contentUrl":"http:\/\/en.seafishingslovenia.com\/wp-content\/uploads\/2020\/01\/2-layers.png","width":91,"height":44,"caption":"Ribolov v slovenskem morju"},"image":{"@id":"https:\/\/en.seafishingslovenia.com\/#logo"}},{"@type":"WebSite","@id":"https:\/\/en.seafishingslovenia.com\/#website","url":"https:\/\/en.seafishingslovenia.com\/","name":"Ribolov v slovenskem morju vodeni morski ribolov","description":"","publisher":{"@id":"https:\/\/en.seafishingslovenia.com\/#organization"},"potentialAction":[{"@type":"SearchAction","target":{"@type":"EntryPoint","urlTemplate":"https:\/\/en.seafishingslovenia.com\/?s={search_term_string}"},"query-input":"required name=search_term_string"}],"inLanguage":"sl-SI"},{"@type":"WebPage","@id":"https:\/\/en.seafishingslovenia.com\/sl\/vrste-rib\/zlata-skusa-ali-lampuga\/#webpage","url":"https:\/\/en.seafishingslovenia.com\/sl\/vrste-rib\/zlata-skusa-ali-lampuga\/","name":"Zlata sku\u0161a - Lampuga - Vodeni ribolov v slovenskem morju","isPartOf":{"@id":"https:\/\/en.seafishingslovenia.com\/#website"},"datePublished":"2020-01-27T17:57:14+00:00","dateModified":"2020-05-01T11:29:45+00:00","breadcrumb":{"@id":"https:\/\/en.seafishingslovenia.com\/sl\/vrste-rib\/zlata-skusa-ali-lampuga\/#breadcrumb"},"inLanguage":"sl-SI","potentialAction":[{"@type":"ReadAction","target":["https:\/\/en.seafishingslovenia.com\/sl\/vrste-rib\/zlata-skusa-ali-lampuga\/"]}]},{"@type":"BreadcrumbList","@id":"https:\/\/en.seafishingslovenia.com\/sl\/vrste-rib\/zlata-skusa-ali-lampuga\/#breadcrumb","itemListElement":[{"@type":"ListItem","position":1,"name":"Home","item":"https:\/\/en.seafishingslovenia.com\/sl\/"},{"@type":"ListItem","position":2,"name":"Vrste rib","item":"https:\/\/en.seafishingslovenia.com\/sl\/vrste-rib\/"},{"@type":"ListItem","position":3,"name":"Zlata sku\u0161a &#8211; Lampuga"}]}]}},"_links":{"self":[{"href":"https:\/\/en.seafishingslovenia.com\/sl\/wp-json\/wp\/v2\/pages\/1491"}],"collection":[{"href":"https:\/\/en.seafishingslovenia.com\/sl\/wp-json\/wp\/v2\/pages"}],"about":[{"href":"https:\/\/en.seafishingslovenia.com\/sl\/wp-json\/wp\/v2\/types\/page"}],"author":[{"embeddable":true,"href":"https:\/\/en.seafishingslovenia.com\/sl\/wp-json\/wp\/v2\/users\/1"}],"replies":[{"embeddable":true,"href":"https:\/\/en.seafishingslovenia.com\/sl\/wp-json\/wp\/v2\/comments?post=1491"}],"version-history":[{"count":8,"href":"https:\/\/en.seafishingslovenia.com\/sl\/wp-json\/wp\/v2\/pages\/1491\/revisions"}],"predecessor-version":[{"id":1985,"href":"https:\/\/en.seafishingslovenia.com\/sl\/wp-json\/wp\/v2\/pages\/1491\/revisions\/1985"}],"up":[{"embeddable":true,"href":"https:\/\/en.seafishingslovenia.com\/sl\/wp-json\/wp\/v2\/pages\/1501"}],"wp:attachment":[{"href":"https:\/\/en.seafishingslovenia.com\/sl\/wp-json\/wp\/v2\/media?parent=1491"}],"curies":[{"name":"wp","href":"https:\/\/api.w.org\/{rel}","templated":true}]}}