{"id":1356,"date":"2020-01-26T17:31:24","date_gmt":"2020-01-26T17:31:24","guid":{"rendered":"https:\/\/seafishingslovenia.com\/?page_id=1356"},"modified":"2020-05-01T11:20:17","modified_gmt":"2020-05-01T11:20:17","slug":"kdo-smo","status":"publish","type":"page","link":"https:\/\/en.seafishingslovenia.com\/sl\/kdo-smo\/","title":{"rendered":"Kdo smo"},"content":{"rendered":"<p>[vc_row full_width=&#8221;stretch_row&#8221; css=&#8221;.vc_custom_1588332018645{padding-top: 3.5em !important;padding-bottom: 7.5em !important;background-image: url(https:\/\/seafishingslovenia.com\/wp-content\/uploads\/2020\/01\/bg_contacts.jpg?id=1412) !important;background-position: center !important;background-repeat: no-repeat !important;background-size: cover !important;}&#8221;][vc_column][vc_column_text]<\/p>\n<h1 style=\"text-align: center;\">KDO SMO<\/h1>\n<p>[\/vc_column_text][\/vc_column][\/vc_row][vc_row css=&#8221;.vc_custom_1476870206776{margin-top: 4.85em !important;margin-bottom: 8em !important;}&#8221;][vc_column width=&#8221;1\/2&#8243;][vc_column_text]Sem Peter iz Kopra in \u017ee od malih nog ribi\u010d, svojo ribi\u0161ko pot sem za\u010del na koprskem pomolu in nadaljeval v ribi\u0161kem klubu PLK Koper in z uvrstitvijo v Slovensko raprezentanco za morski ribolov z nastopi na svetovnih prvenstvih med letoma 2004 &#8211; 2009.<\/p>\n<p>Leta 2013 sem se odlo\u010dil nuditi svoje znanje o morskem ribolovu tudi vsem \u017eeljnim le tega. Pri\u010del sem voditi ljudi s \u010dolnom na morski ribolov na Slovenskem morju.<\/p>\n<p>Jaz bom va\u0161 ribi\u0161ki vodi\u010d na morju, zgodovinar in poznavalec morja.\u00a0Po izobrazbi sem diplomiran zgodovinar, diplomiral sem o tematiki zgodnjega razvoja ribi\u0161tva v severni Istri, zato bom z vami z veseljem delil anekdote, ki jih \u0161e vedno \u0161epeta morje.[\/vc_column_text][\/vc_column][vc_column width=&#8221;1\/2&#8243;][vc_single_image image=&#8221;1581&#8243; img_size=&#8221;full&#8221; style=&#8221;vc_box_shadow_3d&#8221; onclick=&#8221;link_image&#8221;][\/vc_column][\/vc_row][vc_row][vc_column][vc_separator][\/vc_column][\/vc_row][vc_row][vc_column width=&#8221;1\/3&#8243;][vc_column_text css_animation=&#8221;fadeIn&#8221; css=&#8221;.vc_custom_1580142657961{padding-top: 25px !important;padding-bottom: 25px !important;background-color: #f06435 !important;border-radius: 2px !important;}&#8221;]<\/p>\n<p style=\"text-align: center;\"><span style=\"color: #000000;\"><strong>Naslov in kontakt<\/strong><\/span><\/p>\n<p>[\/vc_column_text][vc_column_text css_animation=&#8221;fadeIn&#8221; css=&#8221;.vc_custom_1580142665016{padding-top: 25px !important;padding-right: 25px !important;padding-bottom: 25px !important;padding-left: 25px !important;background-color: #f1fafc !important;}&#8221;]Peter Kodre s.p.<br \/>\nUlica Istrskega odreda 8<br \/>\n6000 Koper &#8211; Capodistria<br \/>\n<strong>Tel.: <\/strong>+386 40 892 827<br \/>\n<strong>Email:<\/strong> seafishingslovenia@gmail.com[\/vc_column_text][\/vc_column][vc_column width=&#8221;1\/3&#8243;][vc_column_text css_animation=&#8221;fadeIn&#8221; css=&#8221;.vc_custom_1580142671075{padding-top: 25px !important;padding-bottom: 25px !important;background-color: #f06435 !important;border-radius: 2px !important;}&#8221;]<\/p>\n<p style=\"text-align: center;\"><span style=\"color: #000000;\"><strong>Ban\u010dni ra\u010dun<\/strong><\/span><\/p>\n<p>[\/vc_column_text][vc_column_text css_animation=&#8221;fadeIn&#8221; css=&#8221;.vc_custom_1580142689426{padding-top: 25px !important;padding-right: 25px !important;padding-bottom: 97px !important;padding-left: 25px !important;background-color: #f1fafc !important;}&#8221;]IBAN SI56 1010 0005 5121 118 (odprt 12.4.2016, Banka Intesa Sanpaolo d.d.)[\/vc_column_text][\/vc_column][vc_column width=&#8221;1\/3&#8243;][vc_column_text css_animation=&#8221;fadeIn&#8221; css=&#8221;.vc_custom_1580142698564{padding-top: 25px !important;padding-bottom: 25px !important;background-color: #f06435 !important;border-radius: 2px !important;}&#8221;]<\/p>\n<p style=\"text-align: center;\"><span style=\"color: #000000;\"><strong>Info podjetja<\/strong><\/span><\/p>\n<p>[\/vc_column_text][vc_column_text css_animation=&#8221;fadeIn&#8221; css=&#8221;.vc_custom_1580142694768{padding-top: 25px !important;padding-right: 25px !important;padding-bottom: 96px !important;padding-left: 25px !important;background-color: #f1fafc !important;}&#8221;]Dav\u010dna \u0161tevilka: 16895479<br \/>\nMati\u010dna \u0161tevilka: 7042043000[\/vc_column_text][\/vc_column][\/vc_row][vc_row][vc_column][vc_empty_space height=&#8221;80px&#8221; alter_height=&#8221;medium&#8221; hide_on_mobile=&#8221;&#8221;][\/vc_column][\/vc_row][vc_row full_width=&#8221;stretch_row_content_no_spaces&#8221;][vc_column][vc_gmaps link=&#8221;#E-8_JTNDaWZyYW1lJTIwc3JjJTNEJTIyaHR0cHMlM0ElMkYlMkZ3d3cuZ29vZ2xlLmNvbSUyRm1hcHMlMkZkJTJGdSUyRjAlMkZlbWJlZCUzRm1pZCUzRDF3aEFHS0lEZXJnbVkzNlJuMWoyak9pQTM3VkNaRlB4diUyMiUyMHdpZHRoJTNEJTIyNjQwJTIyJTIwaGVpZ2h0JTNEJTIyNDgwJTIyJTNFJTNDJTJGaWZyYW1lJTNF&#8221;][\/vc_column][\/vc_row]<\/p>\n","protected":false},"excerpt":{"rendered":"<p>[vc_row full_width=&#8221;stretch_row&#8221; css=&#8221;.vc_custom_1588332018645{padding-top: 3.5em !important;padding-bottom: 7.5em !important;background-image: url(https:\/\/seafishingslovenia.com\/wp-content\/uploads\/2020\/01\/bg_contacts.jpg?id=1412) !important;background-position: center !important;background-repeat: no-repeat !important;background-size: cover !important;}&#8221;][vc_column][vc_column_text] KDO SMO [\/vc_column_text][\/vc_column][\/vc_row][vc_row css=&#8221;.vc_custom_1476870206776{margin-top: 4.85em !important;margin-bottom: 8em !important;}&#8221;][vc_column width=&#8221;1\/2&#8243;][vc_column_text]Sem Peter iz Kopra in \u017ee od malih nog ribi\u010d, svojo ribi\u0161ko pot sem za\u010del na koprskem pomolu in nadaljeval v ribi\u0161kem klubu PLK Koper in z uvrstitvijo v Slovensko raprezentanco za morski ribolov z nastopi na&hellip;<\/p>\n","protected":false},"author":1,"featured_media":0,"parent":0,"menu_order":0,"comment_status":"closed","ping_status":"closed","template":"","meta":[],"yoast_head":"<!-- This site is optimized with the Yoast SEO plugin v17.1 - https:\/\/yoast.com\/wordpress\/plugins\/seo\/ -->\n<title>Kdo smo - Vodeni ribolov v slovenskem morju<\/title>\n<meta name=\"robots\" content=\"index, follow, max-snippet:-1, max-image-preview:large, max-video-preview:-1\" \/>\n<link rel=\"canonical\" href=\"https:\/\/en.seafishingslovenia.com\/sl\/kdo-smo\/\" \/>\n<meta property=\"og:locale\" content=\"sl_SI\" \/>\n<meta property=\"og:type\" content=\"article\" \/>\n<meta property=\"og:title\" content=\"Kdo smo - Vodeni ribolov v slovenskem morju\" \/>\n<meta property=\"og:description\" content=\"[vc_row full_width=&#8221;stretch_row&#8221; css=&#8221;.vc_custom_1588332018645{padding-top: 3.5em !important;padding-bottom: 7.5em !important;background-image: url(https:\/\/seafishingslovenia.com\/wp-content\/uploads\/2020\/01\/bg_contacts.jpg?id=1412) !important;background-position: center !important;background-repeat: no-repeat !important;background-size: cover !important;}&#8221;][vc_column][vc_column_text] KDO SMO [\/vc_column_text][\/vc_column][\/vc_row][vc_row css=&#8221;.vc_custom_1476870206776{margin-top: 4.85em !important;margin-bottom: 8em !important;}&#8221;][vc_column width=&#8221;1\/2&#8243;][vc_column_text]Sem Peter iz Kopra in \u017ee od malih nog ribi\u010d, svojo ribi\u0161ko pot sem za\u010del na koprskem pomolu in nadaljeval v ribi\u0161kem klubu PLK Koper in z uvrstitvijo v Slovensko raprezentanco za morski ribolov z nastopi na&hellip;\" \/>\n<meta property=\"og:url\" content=\"https:\/\/en.seafishingslovenia.com\/sl\/kdo-smo\/\" \/>\n<meta property=\"og:site_name\" content=\"Vodeni ribolov v slovenskem morju\" \/>\n<meta property=\"article:publisher\" content=\"https:\/\/www.facebook.com\/seafishingslovenia\/\" \/>\n<meta property=\"article:modified_time\" content=\"2020-05-01T11:20:17+00:00\" \/>\n<meta name=\"twitter:card\" content=\"summary_large_image\" \/>\n<meta name=\"twitter:label1\" content=\"Est. reading time\" \/>\n\t<meta name=\"twitter:data1\" content=\"2 minuti\" \/>\n<script type=\"application\/ld+json\" class=\"yoast-schema-graph\">{\"@context\":\"https:\/\/schema.org\",\"@graph\":[{\"@type\":\"Organization\",\"@id\":\"https:\/\/en.seafishingslovenia.com\/#organization\",\"name\":\"Ribolov v slovenskem morju\",\"url\":\"https:\/\/en.seafishingslovenia.com\/\",\"sameAs\":[\"https:\/\/www.facebook.com\/seafishingslovenia\/\",\"https:\/\/www.instagram.com\/seafishingslovenia\/\",\"https:\/\/www.youtube.com\/channel\/UCX9hrnSWUMivTMsSQa_gQPw\/videos\"],\"logo\":{\"@type\":\"ImageObject\",\"@id\":\"https:\/\/en.seafishingslovenia.com\/#logo\",\"inLanguage\":\"sl-SI\",\"url\":\"http:\/\/en.seafishingslovenia.com\/wp-content\/uploads\/2020\/01\/2-layers.png\",\"contentUrl\":\"http:\/\/en.seafishingslovenia.com\/wp-content\/uploads\/2020\/01\/2-layers.png\",\"width\":91,\"height\":44,\"caption\":\"Ribolov v slovenskem morju\"},\"image\":{\"@id\":\"https:\/\/en.seafishingslovenia.com\/#logo\"}},{\"@type\":\"WebSite\",\"@id\":\"https:\/\/en.seafishingslovenia.com\/#website\",\"url\":\"https:\/\/en.seafishingslovenia.com\/\",\"name\":\"Ribolov v slovenskem morju vodeni morski ribolov\",\"description\":\"\",\"publisher\":{\"@id\":\"https:\/\/en.seafishingslovenia.com\/#organization\"},\"potentialAction\":[{\"@type\":\"SearchAction\",\"target\":{\"@type\":\"EntryPoint\",\"urlTemplate\":\"https:\/\/en.seafishingslovenia.com\/?s={search_term_string}\"},\"query-input\":\"required name=search_term_string\"}],\"inLanguage\":\"sl-SI\"},{\"@type\":\"WebPage\",\"@id\":\"https:\/\/en.seafishingslovenia.com\/sl\/kdo-smo\/#webpage\",\"url\":\"https:\/\/en.seafishingslovenia.com\/sl\/kdo-smo\/\",\"name\":\"Kdo smo - Vodeni ribolov v slovenskem morju\",\"isPartOf\":{\"@id\":\"https:\/\/en.seafishingslovenia.com\/#website\"},\"datePublished\":\"2020-01-26T17:31:24+00:00\",\"dateModified\":\"2020-05-01T11:20:17+00:00\",\"breadcrumb\":{\"@id\":\"https:\/\/en.seafishingslovenia.com\/sl\/kdo-smo\/#breadcrumb\"},\"inLanguage\":\"sl-SI\",\"potentialAction\":[{\"@type\":\"ReadAction\",\"target\":[\"https:\/\/en.seafishingslovenia.com\/sl\/kdo-smo\/\"]}]},{\"@type\":\"BreadcrumbList\",\"@id\":\"https:\/\/en.seafishingslovenia.com\/sl\/kdo-smo\/#breadcrumb\",\"itemListElement\":[{\"@type\":\"ListItem\",\"position\":1,\"name\":\"Home\",\"item\":\"https:\/\/en.seafishingslovenia.com\/sl\/\"},{\"@type\":\"ListItem\",\"position\":2,\"name\":\"Kdo smo\"}]}]}<\/script>\n<!-- \/ Yoast SEO plugin. -->","yoast_head_json":{"title":"Kdo smo - Vodeni ribolov v slovenskem morju","robots":{"index":"index","follow":"follow","max-snippet":"max-snippet:-1","max-image-preview":"max-image-preview:large","max-video-preview":"max-video-preview:-1"},"canonical":"https:\/\/en.seafishingslovenia.com\/sl\/kdo-smo\/","og_locale":"sl_SI","og_type":"article","og_title":"Kdo smo - Vodeni ribolov v slovenskem morju","og_description":"[vc_row full_width=&#8221;stretch_row&#8221; css=&#8221;.vc_custom_1588332018645{padding-top: 3.5em !important;padding-bottom: 7.5em !important;background-image: url(https:\/\/seafishingslovenia.com\/wp-content\/uploads\/2020\/01\/bg_contacts.jpg?id=1412) !important;background-position: center !important;background-repeat: no-repeat !important;background-size: cover !important;}&#8221;][vc_column][vc_column_text] KDO SMO [\/vc_column_text][\/vc_column][\/vc_row][vc_row css=&#8221;.vc_custom_1476870206776{margin-top: 4.85em !important;margin-bottom: 8em !important;}&#8221;][vc_column width=&#8221;1\/2&#8243;][vc_column_text]Sem Peter iz Kopra in \u017ee od malih nog ribi\u010d, svojo ribi\u0161ko pot sem za\u010del na koprskem pomolu in nadaljeval v ribi\u0161kem klubu PLK Koper in z uvrstitvijo v Slovensko raprezentanco za morski ribolov z nastopi na&hellip;","og_url":"https:\/\/en.seafishingslovenia.com\/sl\/kdo-smo\/","og_site_name":"Vodeni ribolov v slovenskem morju","article_publisher":"https:\/\/www.facebook.com\/seafishingslovenia\/","article_modified_time":"2020-05-01T11:20:17+00:00","twitter_card":"summary_large_image","twitter_misc":{"Est. reading time":"2 minuti"},"schema":{"@context":"https:\/\/schema.org","@graph":[{"@type":"Organization","@id":"https:\/\/en.seafishingslovenia.com\/#organization","name":"Ribolov v slovenskem morju","url":"https:\/\/en.seafishingslovenia.com\/","sameAs":["https:\/\/www.facebook.com\/seafishingslovenia\/","https:\/\/www.instagram.com\/seafishingslovenia\/","https:\/\/www.youtube.com\/channel\/UCX9hrnSWUMivTMsSQa_gQPw\/videos"],"logo":{"@type":"ImageObject","@id":"https:\/\/en.seafishingslovenia.com\/#logo","inLanguage":"sl-SI","url":"http:\/\/en.seafishingslovenia.com\/wp-content\/uploads\/2020\/01\/2-layers.png","contentUrl":"http:\/\/en.seafishingslovenia.com\/wp-content\/uploads\/2020\/01\/2-layers.png","width":91,"height":44,"caption":"Ribolov v slovenskem morju"},"image":{"@id":"https:\/\/en.seafishingslovenia.com\/#logo"}},{"@type":"WebSite","@id":"https:\/\/en.seafishingslovenia.com\/#website","url":"https:\/\/en.seafishingslovenia.com\/","name":"Ribolov v slovenskem morju vodeni morski ribolov","description":"","publisher":{"@id":"https:\/\/en.seafishingslovenia.com\/#organization"},"potentialAction":[{"@type":"SearchAction","target":{"@type":"EntryPoint","urlTemplate":"https:\/\/en.seafishingslovenia.com\/?s={search_term_string}"},"query-input":"required name=search_term_string"}],"inLanguage":"sl-SI"},{"@type":"WebPage","@id":"https:\/\/en.seafishingslovenia.com\/sl\/kdo-smo\/#webpage","url":"https:\/\/en.seafishingslovenia.com\/sl\/kdo-smo\/","name":"Kdo smo - Vodeni ribolov v slovenskem morju","isPartOf":{"@id":"https:\/\/en.seafishingslovenia.com\/#website"},"datePublished":"2020-01-26T17:31:24+00:00","dateModified":"2020-05-01T11:20:17+00:00","breadcrumb":{"@id":"https:\/\/en.seafishingslovenia.com\/sl\/kdo-smo\/#breadcrumb"},"inLanguage":"sl-SI","potentialAction":[{"@type":"ReadAction","target":["https:\/\/en.seafishingslovenia.com\/sl\/kdo-smo\/"]}]},{"@type":"BreadcrumbList","@id":"https:\/\/en.seafishingslovenia.com\/sl\/kdo-smo\/#breadcrumb","itemListElement":[{"@type":"ListItem","position":1,"name":"Home","item":"https:\/\/en.seafishingslovenia.com\/sl\/"},{"@type":"ListItem","position":2,"name":"Kdo smo"}]}]}},"_links":{"self":[{"href":"https:\/\/en.seafishingslovenia.com\/sl\/wp-json\/wp\/v2\/pages\/1356"}],"collection":[{"href":"https:\/\/en.seafishingslovenia.com\/sl\/wp-json\/wp\/v2\/pages"}],"about":[{"href":"https:\/\/en.seafishingslovenia.com\/sl\/wp-json\/wp\/v2\/types\/page"}],"author":[{"embeddable":true,"href":"https:\/\/en.seafishingslovenia.com\/sl\/wp-json\/wp\/v2\/users\/1"}],"replies":[{"embeddable":true,"href":"https:\/\/en.seafishingslovenia.com\/sl\/wp-json\/wp\/v2\/comments?post=1356"}],"version-history":[{"count":58,"href":"https:\/\/en.seafishingslovenia.com\/sl\/wp-json\/wp\/v2\/pages\/1356\/revisions"}],"predecessor-version":[{"id":1969,"href":"https:\/\/en.seafishingslovenia.com\/sl\/wp-json\/wp\/v2\/pages\/1356\/revisions\/1969"}],"wp:attachment":[{"href":"https:\/\/en.seafishingslovenia.com\/sl\/wp-json\/wp\/v2\/media?parent=1356"}],"curies":[{"name":"wp","href":"https:\/\/api.w.org\/{rel}","templated":true}]}}