{"id":1471,"date":"2020-01-27T16:57:06","date_gmt":"2020-01-27T16:57:06","guid":{"rendered":"https:\/\/seafishingslovenia.com\/?page_id=1471"},"modified":"2020-05-01T11:26:19","modified_gmt":"2020-05-01T11:26:19","slug":"ribolov-za-otroke","status":"publish","type":"page","link":"http:\/\/en.seafishingslovenia.com\/sl\/ribolov-za-otroke\/","title":{"rendered":"Ribolov za otroke"},"content":{"rendered":"<p>[vc_row full_width=&#8221;stretch_row&#8221; css=&#8221;.vc_custom_1588332380162{padding-top: 3.5em !important;padding-bottom: 7.5em !important;background-image: url(https:\/\/seafishingslovenia.com\/wp-content\/uploads\/2020\/01\/bg_contacts.jpg?id=1412) !important;background-position: center !important;background-repeat: no-repeat !important;background-size: cover !important;}&#8221;][vc_column][vc_column_text]<\/p>\n<h1 style=\"text-align: center;\">Ribolov za otroke<\/h1>\n<p>[\/vc_column_text][\/vc_column][\/vc_row][vc_row css=&#8221;.vc_custom_1476870206776{margin-top: 4.85em !important;margin-bottom: 8em !important;}&#8221;][vc_column width=&#8221;1\/2&#8243;][vc_column_text]Veliko strastnih ribi\u010dev je svojo ribi\u0161ko pot za\u010delo ravno na morju. Glavni razlog je predvsem to, da gre za relativno preprost ribolov, kjer se zmeraj nekaj dogaja. Zato ponujamo ribolov tudi najmlaj\u0161im za njih imamo prirejene manj\u0161e ribi\u0161ke palice in mlin\u010dke, da se ne utrudijo prehitro.<\/p>\n<p>Otroke u\u010dimo, kako pravilno dr\u017eati palico in \u010dutiti prijem ribe. Kako pravilno natakniti vabo. Kako ravnati z ujeto ribo in povemo jim o vrstah katere lovijo.<\/p>\n<p>Izku\u0161nje so pokazale, da otroci dojemajo ribolov iz druga\u010dnega vidika kakor odrasli in v njih vzpodbudi povezanost z naravo in ob\u010dutek za \u017eivali.<\/p>\n<p>Ob tem je pomembno podariti, da poskrbimo, da vsak otrok nosi svoj varnosti jopi\u010d.[\/vc_column_text][\/vc_column][vc_column width=&#8221;1\/2&#8243;][vc_single_image image=&#8221;1472&#8243; img_size=&#8221;full&#8221; style=&#8221;vc_box_shadow_3d&#8221; onclick=&#8221;link_image&#8221;][\/vc_column][\/vc_row][vc_row][vc_column][vc_empty_space hide_on_mobile=&#8221;&#8221;][\/vc_column][\/vc_row][vc_row css=&#8221;.vc_custom_1476870206776{margin-top: 4.85em !important;margin-bottom: 8em !important;}&#8221;][vc_column width=&#8221;1\/3&#8243;][vc_single_image image=&#8221;1473&#8243; img_size=&#8221;full&#8221; style=&#8221;vc_box_shadow_3d&#8221; onclick=&#8221;link_image&#8221;][\/vc_column][vc_column width=&#8221;1\/3&#8243;][vc_single_image image=&#8221;1474&#8243; img_size=&#8221;full&#8221; style=&#8221;vc_box_shadow_3d&#8221; onclick=&#8221;link_image&#8221;][\/vc_column][vc_column width=&#8221;1\/3&#8243;][vc_single_image image=&#8221;1475&#8243; img_size=&#8221;full&#8221; style=&#8221;vc_box_shadow_3d&#8221; onclick=&#8221;link_image&#8221;][\/vc_column][\/vc_row][vc_row][vc_column][vc_empty_space height=&#8221;80px&#8221; alter_height=&#8221;medium&#8221; hide_on_mobile=&#8221;&#8221;][\/vc_column][\/vc_row]<\/p>\n","protected":false},"excerpt":{"rendered":"<p>[vc_row full_width=&#8221;stretch_row&#8221; css=&#8221;.vc_custom_1588332380162{padding-top: 3.5em !important;padding-bottom: 7.5em !important;background-image: url(https:\/\/seafishingslovenia.com\/wp-content\/uploads\/2020\/01\/bg_contacts.jpg?id=1412) !important;background-position: center !important;background-repeat: no-repeat !important;background-size: cover !important;}&#8221;][vc_column][vc_column_text] Ribolov za otroke [\/vc_column_text][\/vc_column][\/vc_row][vc_row css=&#8221;.vc_custom_1476870206776{margin-top: 4.85em !important;margin-bottom: 8em !important;}&#8221;][vc_column width=&#8221;1\/2&#8243;][vc_column_text]Veliko strastnih ribi\u010dev je svojo ribi\u0161ko pot za\u010delo ravno na morju. Glavni razlog je predvsem to, da gre za relativno preprost ribolov, kjer se zmeraj nekaj dogaja. Zato ponujamo ribolov tudi najmlaj\u0161im za njih imamo prirejene&hellip;<\/p>\n","protected":false},"author":1,"featured_media":0,"parent":0,"menu_order":0,"comment_status":"closed","ping_status":"closed","template":"","meta":[],"yoast_head":"<!-- This site is optimized with the Yoast SEO plugin v17.1 - https:\/\/yoast.com\/wordpress\/plugins\/seo\/ -->\n<title>Ribolov za otroke - Vodeni ribolov v slovenskem morju<\/title>\n<meta name=\"robots\" content=\"index, follow, max-snippet:-1, max-image-preview:large, max-video-preview:-1\" \/>\n<link rel=\"canonical\" href=\"http:\/\/en.seafishingslovenia.com\/sl\/ribolov-za-otroke\/\" \/>\n<meta property=\"og:locale\" content=\"sl_SI\" \/>\n<meta property=\"og:type\" content=\"article\" \/>\n<meta property=\"og:title\" content=\"Ribolov za otroke - Vodeni ribolov v slovenskem morju\" \/>\n<meta property=\"og:description\" content=\"[vc_row full_width=&#8221;stretch_row&#8221; css=&#8221;.vc_custom_1588332380162{padding-top: 3.5em !important;padding-bottom: 7.5em !important;background-image: url(https:\/\/seafishingslovenia.com\/wp-content\/uploads\/2020\/01\/bg_contacts.jpg?id=1412) !important;background-position: center !important;background-repeat: no-repeat !important;background-size: cover !important;}&#8221;][vc_column][vc_column_text] Ribolov za otroke [\/vc_column_text][\/vc_column][\/vc_row][vc_row css=&#8221;.vc_custom_1476870206776{margin-top: 4.85em !important;margin-bottom: 8em !important;}&#8221;][vc_column width=&#8221;1\/2&#8243;][vc_column_text]Veliko strastnih ribi\u010dev je svojo ribi\u0161ko pot za\u010delo ravno na morju. Glavni razlog je predvsem to, da gre za relativno preprost ribolov, kjer se zmeraj nekaj dogaja. Zato ponujamo ribolov tudi najmlaj\u0161im za njih imamo prirejene&hellip;\" \/>\n<meta property=\"og:url\" content=\"http:\/\/en.seafishingslovenia.com\/sl\/ribolov-za-otroke\/\" \/>\n<meta property=\"og:site_name\" content=\"Vodeni ribolov v slovenskem morju\" \/>\n<meta property=\"article:publisher\" content=\"https:\/\/www.facebook.com\/seafishingslovenia\/\" \/>\n<meta property=\"article:modified_time\" content=\"2020-05-01T11:26:19+00:00\" \/>\n<meta name=\"twitter:card\" content=\"summary_large_image\" \/>\n<meta name=\"twitter:label1\" content=\"Est. reading time\" \/>\n\t<meta name=\"twitter:data1\" content=\"2 minuti\" \/>\n<script type=\"application\/ld+json\" class=\"yoast-schema-graph\">{\"@context\":\"https:\/\/schema.org\",\"@graph\":[{\"@type\":\"Organization\",\"@id\":\"https:\/\/en.seafishingslovenia.com\/#organization\",\"name\":\"Ribolov v slovenskem morju\",\"url\":\"https:\/\/en.seafishingslovenia.com\/\",\"sameAs\":[\"https:\/\/www.facebook.com\/seafishingslovenia\/\",\"https:\/\/www.instagram.com\/seafishingslovenia\/\",\"https:\/\/www.youtube.com\/channel\/UCX9hrnSWUMivTMsSQa_gQPw\/videos\"],\"logo\":{\"@type\":\"ImageObject\",\"@id\":\"https:\/\/en.seafishingslovenia.com\/#logo\",\"inLanguage\":\"sl-SI\",\"url\":\"http:\/\/en.seafishingslovenia.com\/wp-content\/uploads\/2020\/01\/2-layers.png\",\"contentUrl\":\"http:\/\/en.seafishingslovenia.com\/wp-content\/uploads\/2020\/01\/2-layers.png\",\"width\":91,\"height\":44,\"caption\":\"Ribolov v slovenskem morju\"},\"image\":{\"@id\":\"https:\/\/en.seafishingslovenia.com\/#logo\"}},{\"@type\":\"WebSite\",\"@id\":\"https:\/\/en.seafishingslovenia.com\/#website\",\"url\":\"https:\/\/en.seafishingslovenia.com\/\",\"name\":\"Ribolov v slovenskem morju vodeni morski ribolov\",\"description\":\"\",\"publisher\":{\"@id\":\"https:\/\/en.seafishingslovenia.com\/#organization\"},\"potentialAction\":[{\"@type\":\"SearchAction\",\"target\":{\"@type\":\"EntryPoint\",\"urlTemplate\":\"https:\/\/en.seafishingslovenia.com\/?s={search_term_string}\"},\"query-input\":\"required name=search_term_string\"}],\"inLanguage\":\"sl-SI\"},{\"@type\":\"WebPage\",\"@id\":\"http:\/\/en.seafishingslovenia.com\/sl\/ribolov-za-otroke\/#webpage\",\"url\":\"http:\/\/en.seafishingslovenia.com\/sl\/ribolov-za-otroke\/\",\"name\":\"Ribolov za otroke - Vodeni ribolov v slovenskem morju\",\"isPartOf\":{\"@id\":\"https:\/\/en.seafishingslovenia.com\/#website\"},\"datePublished\":\"2020-01-27T16:57:06+00:00\",\"dateModified\":\"2020-05-01T11:26:19+00:00\",\"breadcrumb\":{\"@id\":\"http:\/\/en.seafishingslovenia.com\/sl\/ribolov-za-otroke\/#breadcrumb\"},\"inLanguage\":\"sl-SI\",\"potentialAction\":[{\"@type\":\"ReadAction\",\"target\":[\"http:\/\/en.seafishingslovenia.com\/sl\/ribolov-za-otroke\/\"]}]},{\"@type\":\"BreadcrumbList\",\"@id\":\"http:\/\/en.seafishingslovenia.com\/sl\/ribolov-za-otroke\/#breadcrumb\",\"itemListElement\":[{\"@type\":\"ListItem\",\"position\":1,\"name\":\"Home\",\"item\":\"https:\/\/en.seafishingslovenia.com\/sl\/\"},{\"@type\":\"ListItem\",\"position\":2,\"name\":\"Ribolov za otroke\"}]}]}<\/script>\n<!-- \/ Yoast SEO plugin. -->","yoast_head_json":{"title":"Ribolov za otroke - Vodeni ribolov v slovenskem morju","robots":{"index":"index","follow":"follow","max-snippet":"max-snippet:-1","max-image-preview":"max-image-preview:large","max-video-preview":"max-video-preview:-1"},"canonical":"http:\/\/en.seafishingslovenia.com\/sl\/ribolov-za-otroke\/","og_locale":"sl_SI","og_type":"article","og_title":"Ribolov za otroke - Vodeni ribolov v slovenskem morju","og_description":"[vc_row full_width=&#8221;stretch_row&#8221; css=&#8221;.vc_custom_1588332380162{padding-top: 3.5em !important;padding-bottom: 7.5em !important;background-image: url(https:\/\/seafishingslovenia.com\/wp-content\/uploads\/2020\/01\/bg_contacts.jpg?id=1412) !important;background-position: center !important;background-repeat: no-repeat !important;background-size: cover !important;}&#8221;][vc_column][vc_column_text] Ribolov za otroke [\/vc_column_text][\/vc_column][\/vc_row][vc_row css=&#8221;.vc_custom_1476870206776{margin-top: 4.85em !important;margin-bottom: 8em !important;}&#8221;][vc_column width=&#8221;1\/2&#8243;][vc_column_text]Veliko strastnih ribi\u010dev je svojo ribi\u0161ko pot za\u010delo ravno na morju. Glavni razlog je predvsem to, da gre za relativno preprost ribolov, kjer se zmeraj nekaj dogaja. Zato ponujamo ribolov tudi najmlaj\u0161im za njih imamo prirejene&hellip;","og_url":"http:\/\/en.seafishingslovenia.com\/sl\/ribolov-za-otroke\/","og_site_name":"Vodeni ribolov v slovenskem morju","article_publisher":"https:\/\/www.facebook.com\/seafishingslovenia\/","article_modified_time":"2020-05-01T11:26:19+00:00","twitter_card":"summary_large_image","twitter_misc":{"Est. reading time":"2 minuti"},"schema":{"@context":"https:\/\/schema.org","@graph":[{"@type":"Organization","@id":"https:\/\/en.seafishingslovenia.com\/#organization","name":"Ribolov v slovenskem morju","url":"https:\/\/en.seafishingslovenia.com\/","sameAs":["https:\/\/www.facebook.com\/seafishingslovenia\/","https:\/\/www.instagram.com\/seafishingslovenia\/","https:\/\/www.youtube.com\/channel\/UCX9hrnSWUMivTMsSQa_gQPw\/videos"],"logo":{"@type":"ImageObject","@id":"https:\/\/en.seafishingslovenia.com\/#logo","inLanguage":"sl-SI","url":"http:\/\/en.seafishingslovenia.com\/wp-content\/uploads\/2020\/01\/2-layers.png","contentUrl":"http:\/\/en.seafishingslovenia.com\/wp-content\/uploads\/2020\/01\/2-layers.png","width":91,"height":44,"caption":"Ribolov v slovenskem morju"},"image":{"@id":"https:\/\/en.seafishingslovenia.com\/#logo"}},{"@type":"WebSite","@id":"https:\/\/en.seafishingslovenia.com\/#website","url":"https:\/\/en.seafishingslovenia.com\/","name":"Ribolov v slovenskem morju vodeni morski ribolov","description":"","publisher":{"@id":"https:\/\/en.seafishingslovenia.com\/#organization"},"potentialAction":[{"@type":"SearchAction","target":{"@type":"EntryPoint","urlTemplate":"https:\/\/en.seafishingslovenia.com\/?s={search_term_string}"},"query-input":"required name=search_term_string"}],"inLanguage":"sl-SI"},{"@type":"WebPage","@id":"http:\/\/en.seafishingslovenia.com\/sl\/ribolov-za-otroke\/#webpage","url":"http:\/\/en.seafishingslovenia.com\/sl\/ribolov-za-otroke\/","name":"Ribolov za otroke - Vodeni ribolov v slovenskem morju","isPartOf":{"@id":"https:\/\/en.seafishingslovenia.com\/#website"},"datePublished":"2020-01-27T16:57:06+00:00","dateModified":"2020-05-01T11:26:19+00:00","breadcrumb":{"@id":"http:\/\/en.seafishingslovenia.com\/sl\/ribolov-za-otroke\/#breadcrumb"},"inLanguage":"sl-SI","potentialAction":[{"@type":"ReadAction","target":["http:\/\/en.seafishingslovenia.com\/sl\/ribolov-za-otroke\/"]}]},{"@type":"BreadcrumbList","@id":"http:\/\/en.seafishingslovenia.com\/sl\/ribolov-za-otroke\/#breadcrumb","itemListElement":[{"@type":"ListItem","position":1,"name":"Home","item":"https:\/\/en.seafishingslovenia.com\/sl\/"},{"@type":"ListItem","position":2,"name":"Ribolov za otroke"}]}]}},"_links":{"self":[{"href":"http:\/\/en.seafishingslovenia.com\/sl\/wp-json\/wp\/v2\/pages\/1471"}],"collection":[{"href":"http:\/\/en.seafishingslovenia.com\/sl\/wp-json\/wp\/v2\/pages"}],"about":[{"href":"http:\/\/en.seafishingslovenia.com\/sl\/wp-json\/wp\/v2\/types\/page"}],"author":[{"embeddable":true,"href":"http:\/\/en.seafishingslovenia.com\/sl\/wp-json\/wp\/v2\/users\/1"}],"replies":[{"embeddable":true,"href":"http:\/\/en.seafishingslovenia.com\/sl\/wp-json\/wp\/v2\/comments?post=1471"}],"version-history":[{"count":9,"href":"http:\/\/en.seafishingslovenia.com\/sl\/wp-json\/wp\/v2\/pages\/1471\/revisions"}],"predecessor-version":[{"id":1975,"href":"http:\/\/en.seafishingslovenia.com\/sl\/wp-json\/wp\/v2\/pages\/1471\/revisions\/1975"}],"wp:attachment":[{"href":"http:\/\/en.seafishingslovenia.com\/sl\/wp-json\/wp\/v2\/media?parent=1471"}],"curies":[{"name":"wp","href":"https:\/\/api.w.org\/{rel}","templated":true}]}}